{"id":3149,"date":"2024-11-07T15:48:07","date_gmt":"2024-11-07T06:48:07","guid":{"rendered":"https:\/\/bro-sis.jp\/?page_id=3149"},"modified":"2024-11-12T11:03:01","modified_gmt":"2024-11-12T02:03:01","slug":"%e4%bc%81%e6%a5%ad%e7%90%86%e5%bf%b5-portugues","status":"publish","type":"page","link":"https:\/\/bro-sis.jp\/?page_id=3149&lang=pt","title":{"rendered":"Filosofia corporativa"},"content":{"rendered":"\n<figure class=\"wp-block-gallery has-nested-images columns-default is-cropped wp-block-gallery-1 is-layout-flex wp-block-gallery-is-layout-flex\">\n<figure class=\"wp-block-image size-large\"><img loading=\"lazy\" decoding=\"async\" width=\"1024\" height=\"768\" data-id=\"169\" src=\"https:\/\/bro-sis.jp\/wp-content\/uploads\/2020\/06\/\u7167\u7247-322-1024x768.jpg\" alt=\"\" class=\"wp-image-169\" srcset=\"https:\/\/bro-sis.jp\/wp-content\/uploads\/2020\/06\/\u7167\u7247-322-1024x768.jpg 1024w, https:\/\/bro-sis.jp\/wp-content\/uploads\/2020\/06\/\u7167\u7247-322-300x225.jpg 300w, https:\/\/bro-sis.jp\/wp-content\/uploads\/2020\/06\/\u7167\u7247-322-768x576.jpg 768w, https:\/\/bro-sis.jp\/wp-content\/uploads\/2020\/06\/\u7167\u7247-322-1536x1152.jpg 1536w, https:\/\/bro-sis.jp\/wp-content\/uploads\/2020\/06\/\u7167\u7247-322.jpg 2048w\" sizes=\"(max-width: 1024px) 100vw, 1024px\" \/><\/figure>\n<\/figure>\n\n\n\n<h2 class=\"wp-block-heading\" id=\"block-273eb3b4-0ab3-4317-a067-0b20f6d300a0\">Mensagem representativa<\/h2>\n\n\n\n<p id=\"block-5fc5626f-de77-4b13-a240-ff78223978f8\">Quando eu tinha 25 anos, fui sozinho para a Nova Zel\u00e2ndia por um ano, em f\u00e9rias de trabalho.<br>L\u00e1, o conceito de \u201cviver\u201d que eu sentia anteriormente no Jap\u00e3o era completamente diferente.<br>Eles valorizam suas fam\u00edlias, amigos, hobbies e natureza acima de tudo.<br>Ele sabia o que era mais importante e mais feliz na vida e colocou isso em pr\u00e1tica.<br>Honestamente, antes de ir para a Nova Zel\u00e2ndia, eu tinha um interesse chocante por coisas brilhantes e,<br>por exemplo, queria andar em algo legal, mesmo que tivesse que me for\u00e7ar a faz\u00ea-lo. Quero tomar uma bebida em um bar estiloso.<br>Quero ficar rico e viver uma vida rica. Isso me fez pensar em como eu era chato pensando nessas coisas.<\/p>\n\n\n\n<p id=\"block-a853a226-d030-4ed3-adcb-45a5466a938f\">Enquanto passava um tempo na Nova Zel\u00e2ndia, fui para a escola e conheci pessoas de todo o mundo, aprendi sobre suas formas de pensar e<br>aprendi o verdadeiro significado de trabalhar localmente e por que trabalhei l\u00e1. Aprendi uma vida com experi\u00eancias que o dinheiro poderia proporcionar. nunca compre.<\/p>\n\n\n\n<p id=\"block-19ba6e1b-57ec-4c0e-bbca-db8626a8c5e3\">O Jap\u00e3o \u00e9 um pa\u00eds desenvolvido e as pessoas tendem a pensar que podem conseguir o que quiserem, desde que tenham dinheiro.<br>No entanto, sinto que as coisas que s\u00e3o verdadeiramente importantes e a felicidade est\u00e3o escondidas num lugar onde parece haver abund\u00e2ncia.<br>Atrav\u00e9s da Bro-Sis Co., Ltd., gostar\u00edamos de proporcionar ao Jap\u00e3o riqueza espiritual, n\u00e3o apenas riqueza financeira.<\/p>\n\n\n\n<p id=\"block-111fa624-fe4d-407b-a43a-6ddbae28215a\">Inicialmente, forneceremos os carros como meio de transporte para tornar a vida mais agrad\u00e1vel, mas num futuro pr\u00f3ximo criaremos algo al\u00e9m disso.<br>Por exemplo, abriremos instala\u00e7\u00f5es de campismo que ofere\u00e7am uma sensa\u00e7\u00e3o de sobreviv\u00eancia com equipamento limitado, e<br>criaremos instala\u00e7\u00f5es que proporcionem actividades que os adultos possam desfrutar seriamente.<br>O sonho de 15 anos atr\u00e1s era combinar um B&amp;B, um centro de atividades e um centro de atividades para idosos, para que<br>os idosos ativos com mais de 65 anos pudessem viver confortavelmente na natureza, enquanto se revezavam no gerenciamento do centro de atividades durante o dia. fazendo comida. Claro, o plano \u00e9 que todos os residentes idosos utilizem o servi\u00e7o gratuitamente.<br>O espa\u00e7o onde os idosos ir\u00e3o morar ser\u00e1 um chal\u00e9 com lavabo, e tamb\u00e9m est\u00e1 prevista a cria\u00e7\u00e3o de sala de jantar, banheiro e sala polivalente.<br>A comunica\u00e7\u00e3o tamb\u00e9m \u00e9 poss\u00edvel dentro das instala\u00e7\u00f5es. (No entanto, o crit\u00e9rio para aceitar idosos aqui \u00e9 que sejam ativos.)<br>Isto traz sorrisos aos rostos dos adultos e crian\u00e7as que vieram de fam\u00edlias diferentes, e os idosos que v\u00eaem isso tamb\u00e9m sorriem. Pretendo seriamente criar essa comunidade. As crian\u00e7as aprendem as maravilhas da natureza e o mundo<br>se torna poss\u00edvel gra\u00e7as ao apoio de todos os tipos de pessoas. Quero que as pessoas experimentem essas coisas enquanto vivem em contato com a natureza.<br>Gostar\u00edamos de proporcionar experi\u00eancias que possam ser acumuladas na mente ao experiment\u00e1-las.<br>Acima de tudo, acho que estar l\u00e1 \u00e9 o mais divertido.<\/p>\n\n\n\n<p id=\"block-5ec5dea6-e3a9-4b1d-bbd5-439daa904d85\">Finalmente, Bro-Sis \u00e9 uma palavra cunhada que combina as palavras inglesas Brother e Sister.<br>Nos pa\u00edses de l\u00edngua inglesa, eles s\u00e3o carinhosamente chamados de Bro e Sis.<br>Isso representa um relacionamento fraterno profundo.<br>N\u00e3o creio que ningu\u00e9m seja superior na empresa ou nos clientes;<br>todos s\u00e3o iguais e todos s\u00e3o iguais.<br>O nome da nossa empresa reflete esse desejo.<br>Serei o representante, mas penso nisso como uma divis\u00e3o de trabalho, e n\u00e3o como um superior.<br>Responsabilidade como representante da empresa, responsabilidade para com os parceiros de neg\u00f3cios, responsabilidade para com a sociedade. Responsabilidade<br>de criar e orientar o futuro da empresa.<br>Eu cumprirei esses objetivos.<\/p>\n\n\n<div class=\"wp-block-image\">\n<figure class=\"alignright size-large\"><img loading=\"lazy\" decoding=\"async\" width=\"246\" height=\"137\" src=\"https:\/\/bro-sis.jp\/wp-content\/uploads\/2021\/05\/name.jpg\" alt=\"\" class=\"wp-image-1100\"\/><\/figure><\/div>\n\n\n<p><br><br><\/p>\n<div class=\"veu_socialSet veu_socialSet-position-after veu_contentAddSection\"><script>window.twttr=(function(d,s,id){var js,fjs=d.getElementsByTagName(s)[0],t=window.twttr||{};if(d.getElementById(id))return t;js=d.createElement(s);js.id=id;js.src=\"https:\/\/platform.twitter.com\/widgets.js\";fjs.parentNode.insertBefore(js,fjs);t._e=[];t.ready=function(f){t._e.push(f);};return t;}(document,\"script\",\"twitter-wjs\"));<\/script><ul><\/ul><\/div><!-- [ \/.socialSet ] -->","protected":false},"excerpt":{"rendered":"<p>Mensagem representativa Quando eu tinha 25 anos, fui sozinho para a Nova Zel\u00e2ndia por um ano, em f\u00e9rias de tra [&hellip;]<\/p>\n","protected":false},"author":1,"featured_media":0,"parent":0,"menu_order":0,"comment_status":"closed","ping_status":"closed","template":"","meta":{"footnotes":""},"aioseo_notices":[],"_links":{"self":[{"href":"https:\/\/bro-sis.jp\/index.php?rest_route=\/wp\/v2\/pages\/3149"}],"collection":[{"href":"https:\/\/bro-sis.jp\/index.php?rest_route=\/wp\/v2\/pages"}],"about":[{"href":"https:\/\/bro-sis.jp\/index.php?rest_route=\/wp\/v2\/types\/page"}],"author":[{"embeddable":true,"href":"https:\/\/bro-sis.jp\/index.php?rest_route=\/wp\/v2\/users\/1"}],"replies":[{"embeddable":true,"href":"https:\/\/bro-sis.jp\/index.php?rest_route=%2Fwp%2Fv2%2Fcomments&post=3149"}],"version-history":[{"count":2,"href":"https:\/\/bro-sis.jp\/index.php?rest_route=\/wp\/v2\/pages\/3149\/revisions"}],"predecessor-version":[{"id":3493,"href":"https:\/\/bro-sis.jp\/index.php?rest_route=\/wp\/v2\/pages\/3149\/revisions\/3493"}],"wp:attachment":[{"href":"https:\/\/bro-sis.jp\/index.php?rest_route=%2Fwp%2Fv2%2Fmedia&parent=3149"}],"curies":[{"name":"wp","href":"https:\/\/api.w.org\/{rel}","templated":true}]}}