{"id":3158,"date":"2024-11-07T15:47:47","date_gmt":"2024-11-07T06:47:47","guid":{"rendered":"https:\/\/bro-sis.jp\/?page_id=3158"},"modified":"2024-11-12T10:55:35","modified_gmt":"2024-11-12T01:55:35","slug":"%e3%82%b9%e3%82%bf%e3%83%83%e3%83%95-espanol-2","status":"publish","type":"page","link":"https:\/\/bro-sis.jp\/?page_id=3158&lang=es","title":{"rendered":"personal"},"content":{"rendered":"\n<div class=\"wp-block-group\"><div class=\"wp-block-group__inner-container is-layout-flow wp-block-group-is-layout-flow\">\n<figure class=\"wp-block-image size-large is-style-vk-image-photoFrame-tilt-left\"><img loading=\"lazy\" decoding=\"async\" width=\"683\" height=\"1024\" src=\"https:\/\/bro-sis.jp\/wp-content\/uploads\/2024\/03\/IMG_9977-683x1024.jpg\" alt=\"\" class=\"wp-image-2230\" srcset=\"https:\/\/bro-sis.jp\/wp-content\/uploads\/2024\/03\/IMG_9977-683x1024.jpg 683w, https:\/\/bro-sis.jp\/wp-content\/uploads\/2024\/03\/IMG_9977-200x300.jpg 200w, https:\/\/bro-sis.jp\/wp-content\/uploads\/2024\/03\/IMG_9977-768x1152.jpg 768w, https:\/\/bro-sis.jp\/wp-content\/uploads\/2024\/03\/IMG_9977-1024x1536.jpg 1024w, https:\/\/bro-sis.jp\/wp-content\/uploads\/2024\/03\/IMG_9977-1365x2048.jpg 1365w, https:\/\/bro-sis.jp\/wp-content\/uploads\/2024\/03\/IMG_9977-scaled.jpg 1707w\" sizes=\"(max-width: 683px) 100vw, 683px\" \/><\/figure>\n\n\n\n<p class=\"is-style-blockbox\"><\/p>\n<\/div><\/div>\n\n\n\n<p>Shacho Aoki<\/p>\n\n\n\n<p><strong><strong>Yoshihisa Aoki<\/strong><\/strong><\/p>\n\n\n\n<p>Mis pasatiempos son surfear, acampar y pescar.<\/p>\n\n\n\n<p>En mis d\u00edas libres siempre voy a la monta\u00f1a o a la playa con mi familia y juego con la naturaleza.<\/p>\n\n\n\n<p>\uff1a\uff1a\uff1a\uff1a\uff1a\uff1a\uff1a\uff1a\uff1a\uff1a\uff1a\uff1a\uff1a\uff1a\uff1a\uff1a\uff1a\uff1a\uff1a\uff1a\uff1a\uff1a\uff1a\uff1a\uff1a\uff1a\uff1a\uff1a\uff1a\uff1a\uff1a\uff1a\uff1a\uff1a\uff1a\uff1a\uff1a\uff1a\uff1a\uff1a\uff1a\uff1a\uff1a\uff1a\uff1a\uff1a\uff1a\uff1a\uff1a\uff1a\uff1a\uff1a\uff1a\uff1a\uff1a\uff1a\uff1a\uff1a\uff1a\uff1a\uff1a\uff1a\uff1a\uff1a\uff1a\uff1a\uff1a\uff1a\uff1a<\/p>\n\n\n\n<p class=\"is-style-blockbox\"><\/p>\n\n\n\n<p><\/p>\n\n\n\n<figure class=\"wp-block-image size-large is-style-vk-image-photoFrame-tilt-right\"><img loading=\"lazy\" decoding=\"async\" width=\"576\" height=\"1024\" src=\"https:\/\/bro-sis.jp\/wp-content\/uploads\/2024\/03\/HORIZON_0001_BURST20240322141005131_COVER-576x1024.jpg\" alt=\"\" class=\"wp-image-2234\" srcset=\"https:\/\/bro-sis.jp\/wp-content\/uploads\/2024\/03\/HORIZON_0001_BURST20240322141005131_COVER-576x1024.jpg 576w, https:\/\/bro-sis.jp\/wp-content\/uploads\/2024\/03\/HORIZON_0001_BURST20240322141005131_COVER-169x300.jpg 169w, https:\/\/bro-sis.jp\/wp-content\/uploads\/2024\/03\/HORIZON_0001_BURST20240322141005131_COVER-768x1365.jpg 768w, https:\/\/bro-sis.jp\/wp-content\/uploads\/2024\/03\/HORIZON_0001_BURST20240322141005131_COVER-864x1536.jpg 864w, https:\/\/bro-sis.jp\/wp-content\/uploads\/2024\/03\/HORIZON_0001_BURST20240322141005131_COVER-1152x2048.jpg 1152w, https:\/\/bro-sis.jp\/wp-content\/uploads\/2024\/03\/HORIZON_0001_BURST20240322141005131_COVER-scaled.jpg 1440w\" sizes=\"(max-width: 576px) 100vw, 576px\" \/><figcaption class=\"wp-element-caption\">DSC_5071<\/figcaption><\/figure>\n\n\n\n<p class=\"is-style-blockbox\"><\/p>\n\n\n\n<p>Sr. Kai<\/p>\n\n\n\n<p><strong><strong>Kai Ryuichi<\/strong><\/strong><\/p>\n\n\n\n<p>Guapo gerente. Artesano del cuero.<\/p>\n\n\n\n<p>Trabajamos con diligencia y honestidad.<\/p>\n\n\n\n<p>Con un aura que agrada a todos, sin importar edad o g\u00e9nero, aspiramos a ser el n\u00famero uno en el \u00e1rea en t\u00e9rminos de servicio al cliente, tecnolog\u00eda y gesti\u00f3n. !<\/p>\n\n\n\n<p>\u00a1gracias!<\/p>\n\n\n\n<p><\/p>\n\n\n\n<p class=\"is-style-blockbox\">\uff1a\uff1a\uff1a\uff1a\uff1a\uff1a\uff1a\uff1a\uff1a\uff1a\uff1a\uff1a\uff1a\uff1a\uff1a\uff1a\uff1a\uff1a\uff1a\uff1a\uff1a\uff1a\uff1a\uff1a\uff1a\uff1a\uff1a\uff1a\uff1a\uff1a\uff1a\uff1a\uff1a\uff1a\uff1a\uff1a\uff1a\uff1a\uff1a\uff1a\uff1a\uff1a\uff1a\uff1a\uff1a\uff1a\uff1a\uff1a\uff1a\uff1a\uff1a\uff1a\uff1a\uff1a\uff1a\uff1a\uff1a\uff1a\uff1a\uff1a\uff1a\uff1a\uff1a\uff1a\uff1a\uff1a\uff1a\uff1a\uff1a<\/p>\n\n\n\n<p class=\"is-style-blockbox\"><\/p>\n\n\n\n<p class=\"is-style-blockbox\"><\/p>\n\n\n\n<figure class=\"wp-block-image size-large is-resized is-style-vk-image-photoFrame-tilt-left\"><img loading=\"lazy\" decoding=\"async\" width=\"1024\" height=\"683\" src=\"https:\/\/bro-sis.jp\/wp-content\/uploads\/2023\/01\/\u3057\u3085\u3093\u541b-1024x683.jpg\" alt=\"\" class=\"wp-image-1474\" style=\"width:714px;height:476px\" srcset=\"https:\/\/bro-sis.jp\/wp-content\/uploads\/2023\/01\/\u3057\u3085\u3093\u541b-1024x683.jpg 1024w, https:\/\/bro-sis.jp\/wp-content\/uploads\/2023\/01\/\u3057\u3085\u3093\u541b-300x200.jpg 300w, https:\/\/bro-sis.jp\/wp-content\/uploads\/2023\/01\/\u3057\u3085\u3093\u541b-768x512.jpg 768w, https:\/\/bro-sis.jp\/wp-content\/uploads\/2023\/01\/\u3057\u3085\u3093\u541b.jpg 1080w\" sizes=\"(max-width: 1024px) 100vw, 1024px\" \/><\/figure>\n\n\n\n<p class=\"is-style-blockbox\"><\/p>\n\n\n\n<p>maestro de pintura<\/p>\n\n\n\n<p><strong>Shun Goto<\/strong><\/p>\n\n\n\n<p>Evitar de Super Gunman.<\/p>\n\n\n\n<p>Buen joven. Creciendo cada d\u00eda.<\/p>\n\n\n\n<p>Me encanta la m\u00fasica, \u00a1tal vez alg\u00fan d\u00eda tenga una presentaci\u00f3n en vivo! ! \u00a1\u00a1\u00a1Mant\u00e9nganse al tanto!!!<\/p>\n\n\n\n<p class=\"is-style-blockbox\">\uff1a\uff1a\uff1a\uff1a\uff1a\uff1a\uff1a\uff1a\uff1a\uff1a\uff1a\uff1a\uff1a\uff1a\uff1a\uff1a\uff1a\uff1a\uff1a\uff1a\uff1a\uff1a\uff1a\uff1a\uff1a\uff1a\uff1a\uff1a\uff1a\uff1a\uff1a\uff1a\uff1a\uff1a\uff1a\uff1a\uff1a\uff1a\uff1a\uff1a\uff1a\uff1a\uff1a\uff1a\uff1a\uff1a\uff1a\uff1a\uff1a\uff1a\uff1a\uff1a\uff1a\uff1a\uff1a\uff1a\uff1a\uff1a\uff1a\uff1a\uff1a\uff1a\uff1a\uff1a\uff1a\uff1a\uff1a\uff1a<\/p>\n\n\n\n<p><\/p>\n\n\n\n<figure class=\"wp-block-image size-large is-style-vk-image-photoFrame-tilt-left\"><img loading=\"lazy\" decoding=\"async\" width=\"1024\" height=\"870\" src=\"https:\/\/bro-sis.jp\/wp-content\/uploads\/2024\/03\/DSC_5068-1024x870.jpg\" alt=\"\" class=\"wp-image-2232\" srcset=\"https:\/\/bro-sis.jp\/wp-content\/uploads\/2024\/03\/DSC_5068-1024x870.jpg 1024w, https:\/\/bro-sis.jp\/wp-content\/uploads\/2024\/03\/DSC_5068-300x255.jpg 300w, https:\/\/bro-sis.jp\/wp-content\/uploads\/2024\/03\/DSC_5068-768x652.jpg 768w, https:\/\/bro-sis.jp\/wp-content\/uploads\/2024\/03\/DSC_5068-1536x1305.jpg 1536w, https:\/\/bro-sis.jp\/wp-content\/uploads\/2024\/03\/DSC_5068-2048x1739.jpg 2048w\" sizes=\"(max-width: 1024px) 100vw, 1024px\" \/><figcaption class=\"wp-element-caption\">DSC_5068<\/figcaption><\/figure>\n\n\n\n<p>Naka-chan<\/p>\n\n\n\n<p><strong>Tomoyuki Nakagawa<\/strong><\/p>\n\n\n\n<p>La energ\u00eda escondida en su suave sonrisa es de primera.<\/p>\n\n\n\n<p>Utilizando la velocidad y la precisi\u00f3n como armas, realizar\u00e1s el mantenimiento de los coches uno tras otro.<\/p>\n\n\n\n<p>Tengo experiencia estudiando en el extranjero y tambi\u00e9n me encanta la m\u00fasica. Uno de mis pasatiempos es emocionarme con las presentaciones en vivo.<\/p>\n\n\n\n<p>Me abstengo de comer dulces.<\/p>\n\n\n\n<p><\/p>\n\n\n\n<p>\uff1a\uff1a\uff1a\uff1a\uff1a\uff1a\uff1a\uff1a\uff1a\uff1a\uff1a\uff1a\uff1a\uff1a\uff1a\uff1a\uff1a\uff1a\uff1a\uff1a\uff1a\uff1a\uff1a\uff1a\uff1a\uff1a\uff1a\uff1a\uff1a\uff1a\uff1a\uff1a\uff1a\uff1a\uff1a\uff1a\uff1a\uff1a\uff1a\uff1a\uff1a\uff1a\uff1a\uff1a\uff1a\uff1a\uff1a\uff1a\uff1a\uff1a\uff1a\uff1a\uff1a\uff1a\uff1a\uff1a\uff1a\uff1a\uff1a\uff1a\uff1a\uff1a\uff1a\uff1a\uff1a\uff1a\uff1a\uff1a\uff1a<\/p>\n\n\n\n<div class=\"wp-block-group\"><div class=\"wp-block-group__inner-container is-layout-flow wp-block-group-is-layout-flow\">\n<figure class=\"wp-block-image size-large is-style-vk-image-photoFrame-tilt-right\"><img loading=\"lazy\" decoding=\"async\" width=\"1024\" height=\"576\" src=\"https:\/\/bro-sis.jp\/wp-content\/uploads\/2024\/03\/DSC_5071-1024x576.jpg\" alt=\"\" class=\"wp-image-2236\" srcset=\"https:\/\/bro-sis.jp\/wp-content\/uploads\/2024\/03\/DSC_5071-1024x576.jpg 1024w, https:\/\/bro-sis.jp\/wp-content\/uploads\/2024\/03\/DSC_5071-300x169.jpg 300w, https:\/\/bro-sis.jp\/wp-content\/uploads\/2024\/03\/DSC_5071-768x432.jpg 768w, https:\/\/bro-sis.jp\/wp-content\/uploads\/2024\/03\/DSC_5071-1536x864.jpg 1536w, https:\/\/bro-sis.jp\/wp-content\/uploads\/2024\/03\/DSC_5071-2048x1152.jpg 2048w, https:\/\/bro-sis.jp\/wp-content\/uploads\/2024\/03\/DSC_5071-320x180.jpg 320w\" sizes=\"(max-width: 1024px) 100vw, 1024px\" \/><figcaption class=\"wp-element-caption\">DSC_5071<\/figcaption><\/figure>\n<\/div><\/div>\n\n\n\n<p>capit\u00e1n<\/p>\n\n\n\n<p><strong>Megumi Watanabe <\/strong><\/p>\n\n\n\n<p>Nos encargamos de todo, desde venta de coches, compras, seguros, etc.<\/p>\n\n\n\n<p>Me encanta el mar, los r\u00edos y los abrevaderos.<\/p>\n\n\n\n<p>Aunque siempre es brillante y vivaz, en realidad quiere vivir una vida tranquila.<\/p>\n\n\n\n<p>Mi lema es perder dinero a corto plazo.<\/p>\n\n\n\n<p class=\"is-style-blockbox\">\uff1a\uff1a\uff1a\uff1a\uff1a\uff1a\uff1a\uff1a\uff1a\uff1a\uff1a\uff1a\uff1a\uff1a\uff1a\uff1a\uff1a\uff1a\uff1a\uff1a\uff1a\uff1a\uff1a\uff1a\uff1a\uff1a\uff1a\uff1a\uff1a\uff1a\uff1a\uff1a\uff1a\uff1a\uff1a\uff1a\uff1a\uff1a\uff1a\uff1a\uff1a\uff1a\uff1a\uff1a\uff1a\uff1a\uff1a\uff1a\uff1a\uff1a\uff1a\uff1a\uff1a\uff1a\uff1a\uff1a\uff1a\uff1a\uff1a\uff1a\uff1a\uff1a\uff1a\uff1a\uff1a\uff1a\uff1a\uff1a\uff1a<\/p>\n\n\n\n<p><\/p>\n\n\n\n<p><\/p>\n\n\n\n<figure class=\"wp-block-image size-large is-style-vk-image-photoFrame-tilt-left\"><img loading=\"lazy\" decoding=\"async\" width=\"1024\" height=\"768\" src=\"https:\/\/bro-sis.jp\/wp-content\/uploads\/2024\/03\/1711084773427-1024x768.jpg\" alt=\"\" class=\"wp-image-2235\" srcset=\"https:\/\/bro-sis.jp\/wp-content\/uploads\/2024\/03\/1711084773427-1024x768.jpg 1024w, https:\/\/bro-sis.jp\/wp-content\/uploads\/2024\/03\/1711084773427-300x225.jpg 300w, https:\/\/bro-sis.jp\/wp-content\/uploads\/2024\/03\/1711084773427-768x576.jpg 768w, https:\/\/bro-sis.jp\/wp-content\/uploads\/2024\/03\/1711084773427.jpg 1478w\" sizes=\"(max-width: 1024px) 100vw, 1024px\" \/><\/figure>\n\n\n\n<p>energ\u00eda fresca<\/p>\n\n\n\n<p><strong>Tsuzuki Kurumi<\/strong>&nbsp;<\/p>\n\n\n\n<p>\u00a1Una joven esperanza llena de poder!<\/p>\n\n\n\n<p>Pintura, montaje y destreza.<\/p>\n\n\n\n<p>\u00a1Creamos coches maravillosos con cuidado y rapidez!<\/p>\n\n\n\n<p>\u00a1Me encanta comer! ! \u00a1Sobre todo quiero comer mucho arroz! !<\/p>\n\n\n\n<p class=\"is-style-blockbox\">\uff1a\uff1a\uff1a\uff1a\uff1a\uff1a\uff1a\uff1a\uff1a\uff1a\uff1a\uff1a\uff1a\uff1a\uff1a\uff1a\uff1a\uff1a\uff1a\uff1a\uff1a\uff1a\uff1a\uff1a\uff1a\uff1a\uff1a\uff1a\uff1a\uff1a\uff1a\uff1a\uff1a\uff1a\uff1a\uff1a\uff1a\uff1a\uff1a\uff1a\uff1a\uff1a\uff1a\uff1a\uff1a\uff1a\uff1a\uff1a\uff1a\uff1a\uff1a\uff1a\uff1a\uff1a\uff1a\uff1a\uff1a\uff1a\uff1a\uff1a\uff1a\uff1a\uff1a\uff1a\uff1a\uff1a\uff1a\uff1a\uff1a<\/p>\n\n\n\n<p class=\"is-style-blockbox\"><\/p>\n\n\n\n<p class=\"is-style-blockbox\"><\/p>\n\n\n\n<p class=\"is-style-blockbox\"><\/p>\n\n\n\n<p class=\"is-style-blockbox\"><\/p>\n\n\n\n<p class=\"is-style-blockbox\"><\/p>\n\n\n\n<p class=\"is-style-blockbox\">\uff1a\uff1a\uff1a\uff1a\uff1a\uff1a\uff1a\uff1a\uff1a\uff1a\uff1a\uff1a\uff1a\uff1a\uff1a\uff1a\uff1a\uff1a\uff1a\uff1a\uff1a\uff1a\uff1a\uff1a\uff1a\uff1a\uff1a\uff1a\uff1a\uff1a\uff1a\uff1a\uff1a\uff1a\uff1a\uff1a\uff1a\uff1a\uff1a\uff1a\uff1a\uff1a\uff1a\uff1a\uff1a\uff1a\uff1a\uff1a\uff1a\uff1a\uff1a\uff1a\uff1a\uff1a\uff1a\uff1a\uff1a\uff1a\uff1a\uff1a\uff1a\uff1a\uff1a\uff1a\uff1a\uff1a\uff1a\uff1a\uff1a<\/p>\n\n\n\n<p class=\"is-style-blockbox\"><\/p>\n\n\n\n<div class=\"wp-block-group\"><div class=\"wp-block-group__inner-container is-layout-flow wp-block-group-is-layout-flow\">\n<figure class=\"wp-block-image size-large is-resized is-style-vk-image-photoFrame-tilt-left\"><img loading=\"lazy\" decoding=\"async\" width=\"1024\" height=\"683\" src=\"https:\/\/bro-sis.jp\/wp-content\/uploads\/2022\/09\/IMG_3402-1024x683.jpg\" alt=\"\" class=\"wp-image-1417\" style=\"width:826px;height:551px\" srcset=\"https:\/\/bro-sis.jp\/wp-content\/uploads\/2022\/09\/IMG_3402-1024x683.jpg 1024w, https:\/\/bro-sis.jp\/wp-content\/uploads\/2022\/09\/IMG_3402-300x200.jpg 300w, https:\/\/bro-sis.jp\/wp-content\/uploads\/2022\/09\/IMG_3402-768x512.jpg 768w, https:\/\/bro-sis.jp\/wp-content\/uploads\/2022\/09\/IMG_3402-1536x1024.jpg 1536w, https:\/\/bro-sis.jp\/wp-content\/uploads\/2022\/09\/IMG_3402-2048x1365.jpg 2048w\" sizes=\"(max-width: 1024px) 100vw, 1024px\" \/><\/figure>\n<\/div><\/div>\n\n\n\n<p>embajador de la sonrisa<\/p>\n\n\n\n<p><strong>Aya Yoshimura<\/strong><\/p>\n\n\n\n<p>De todos modos, \u00a1este es Yoshimura, que es brillante! !<\/p>\n\n\n\n<p>Encargado de trabajos de oficina y seguros.<\/p>\n\n\n\n<p>Gracias.<\/p>\n\n\n\n<p class=\"is-style-blockbox\">\uff1a\uff1a\uff1a\uff1a\uff1a\uff1a\uff1a\uff1a\uff1a\uff1a\uff1a\uff1a\uff1a\uff1a\uff1a\uff1a\uff1a\uff1a\uff1a\uff1a\uff1a\uff1a\uff1a\uff1a\uff1a\uff1a\uff1a\uff1a\uff1a\uff1a\uff1a\uff1a\uff1a\uff1a\uff1a\uff1a\uff1a\uff1a\uff1a\uff1a\uff1a\uff1a\uff1a\uff1a\uff1a\uff1a\uff1a\uff1a\uff1a\uff1a\uff1a\uff1a\uff1a\uff1a\uff1a\uff1a\uff1a\uff1a\uff1a\uff1a\uff1a\uff1a\uff1a\uff1a\uff1a\uff1a\uff1a\uff1a\uff1a<\/p>\n\n\n\n<figure class=\"wp-block-image size-large is-resized is-style-vk-image-photoFrame-tilt-right\"><img loading=\"lazy\" decoding=\"async\" width=\"576\" height=\"1024\" src=\"https:\/\/bro-sis.jp\/wp-content\/uploads\/2022\/03\/\u3082\u3063\u304f\u3093-576x1024.jpg\" alt=\"\" class=\"wp-image-1298\" style=\"width:506px;height:899px\" srcset=\"https:\/\/bro-sis.jp\/wp-content\/uploads\/2022\/03\/\u3082\u3063\u304f\u3093-576x1024.jpg 576w, https:\/\/bro-sis.jp\/wp-content\/uploads\/2022\/03\/\u3082\u3063\u304f\u3093-169x300.jpg 169w, https:\/\/bro-sis.jp\/wp-content\/uploads\/2022\/03\/\u3082\u3063\u304f\u3093-768x1365.jpg 768w, https:\/\/bro-sis.jp\/wp-content\/uploads\/2022\/03\/\u3082\u3063\u304f\u3093-864x1536.jpg 864w, https:\/\/bro-sis.jp\/wp-content\/uploads\/2022\/03\/\u3082\u3063\u304f\u3093-1152x2048.jpg 1152w, https:\/\/bro-sis.jp\/wp-content\/uploads\/2022\/03\/\u3082\u3063\u304f\u3093-scaled.jpg 1440w\" sizes=\"(max-width: 576px) 100vw, 576px\" \/><figcaption class=\"wp-element-caption\"><br>DSC_0837\u3059<\/figcaption><\/figure>\n\n\n\n<p>s\u00faper ayudante<\/p>\n\n\n\n<p><strong>Mikihiro Kato <\/strong><\/p>\n\n\n\n<p>Un s\u00faper ayudante verdaderamente confiable mientras asiste a la escuela vocacional.<\/p>\n\n\n\n<p>Me encantan las algas \u2661 Me gusta especialmente la parte del mekabu.<\/p>\n\n\n\n<p>En mi tiempo libre disfruto jugar b\u00e9isbol como hobby.<\/p>\n\n\n\n<p class=\"is-style-blockbox\"><\/p>\n\n\n\n<p class=\"is-style-blockbox\">\uff1a\uff1a\uff1a\uff1a\uff1a\uff1a\uff1a\uff1a\uff1a\uff1a\uff1a\uff1a\uff1a\uff1a\uff1a\uff1a\uff1a\uff1a\uff1a\uff1a\uff1a\uff1a\uff1a\uff1a\uff1a\uff1a\uff1a\uff1a\uff1a\uff1a\uff1a\uff1a\uff1a\uff1a\uff1a\uff1a\uff1a\uff1a\uff1a\uff1a\uff1a\uff1a\uff1a\uff1a\uff1a\uff1a\uff1a\uff1a\uff1a\uff1a\uff1a\uff1a\uff1a\uff1a\uff1a\uff1a\uff1a\uff1a\uff1a\uff1a\uff1a\uff1a\uff1a\uff1a\uff1a\uff1a\uff1a\uff1a\uff1a<\/p>\n<div class=\"veu_socialSet veu_socialSet-position-after veu_contentAddSection\"><script>window.twttr=(function(d,s,id){var js,fjs=d.getElementsByTagName(s)[0],t=window.twttr||{};if(d.getElementById(id))return t;js=d.createElement(s);js.id=id;js.src=\"https:\/\/platform.twitter.com\/widgets.js\";fjs.parentNode.insertBefore(js,fjs);t._e=[];t.ready=function(f){t._e.push(f);};return t;}(document,\"script\",\"twitter-wjs\"));<\/script><ul><\/ul><\/div><!-- [ \/.socialSet ] -->","protected":false},"excerpt":{"rendered":"<p>Shacho Aoki Yoshihisa Aoki Mis pasatiempos son surfear, acampar y pescar. En mis d\u00edas libres siempre voy a la  [&hellip;]<\/p>\n","protected":false},"author":1,"featured_media":0,"parent":0,"menu_order":0,"comment_status":"closed","ping_status":"closed","template":"","meta":{"footnotes":""},"aioseo_notices":[],"_links":{"self":[{"href":"https:\/\/bro-sis.jp\/index.php?rest_route=\/wp\/v2\/pages\/3158"}],"collection":[{"href":"https:\/\/bro-sis.jp\/index.php?rest_route=\/wp\/v2\/pages"}],"about":[{"href":"https:\/\/bro-sis.jp\/index.php?rest_route=\/wp\/v2\/types\/page"}],"author":[{"embeddable":true,"href":"https:\/\/bro-sis.jp\/index.php?rest_route=\/wp\/v2\/users\/1"}],"replies":[{"embeddable":true,"href":"https:\/\/bro-sis.jp\/index.php?rest_route=%2Fwp%2Fv2%2Fcomments&post=3158"}],"version-history":[{"count":3,"href":"https:\/\/bro-sis.jp\/index.php?rest_route=\/wp\/v2\/pages\/3158\/revisions"}],"predecessor-version":[{"id":3480,"href":"https:\/\/bro-sis.jp\/index.php?rest_route=\/wp\/v2\/pages\/3158\/revisions\/3480"}],"wp:attachment":[{"href":"https:\/\/bro-sis.jp\/index.php?rest_route=%2Fwp%2Fv2%2Fmedia&parent=3158"}],"curies":[{"name":"wp","href":"https:\/\/api.w.org\/{rel}","templated":true}]}}