{"id":3165,"date":"2024-11-07T15:48:01","date_gmt":"2024-11-07T06:48:01","guid":{"rendered":"https:\/\/bro-sis.jp\/?page_id=3165"},"modified":"2024-11-12T10:56:28","modified_gmt":"2024-11-12T01:56:28","slug":"%e4%ba%8b%e6%a5%ad%e5%86%85%e5%ae%b9-espanol","status":"publish","type":"page","link":"https:\/\/bro-sis.jp\/?page_id=3165&lang=es","title":{"rendered":"Informaci\u00f3n comercial"},"content":{"rendered":"\n<figure class=\"wp-block-image alignwide size-large\"><img loading=\"lazy\" decoding=\"async\" width=\"1024\" height=\"724\" src=\"https:\/\/bro-sis.jp\/wp-content\/uploads\/2020\/06\/line_396100795051895-1024x724.jpg\" alt=\"\" class=\"wp-image-60\" srcset=\"https:\/\/bro-sis.jp\/wp-content\/uploads\/2020\/06\/line_396100795051895-1024x724.jpg 1024w, https:\/\/bro-sis.jp\/wp-content\/uploads\/2020\/06\/line_396100795051895-300x212.jpg 300w, https:\/\/bro-sis.jp\/wp-content\/uploads\/2020\/06\/line_396100795051895-768x543.jpg 768w, https:\/\/bro-sis.jp\/wp-content\/uploads\/2020\/06\/line_396100795051895.jpg 1522w\" sizes=\"(max-width: 1024px) 100vw, 1024px\" \/><\/figure>\n\n\n\n<h2 class=\"wp-block-heading\">Mensaje representativo<\/h2>\n\n\n\n<h4 class=\"message\">Pensamientos y aspiraciones para el establecimiento de Bro-Sis Co., Ltd.<\/h4>\n<br>\n<br>\n\n\n\n<p>Cuando ten\u00eda 25 a\u00f1os, me fui solo a Nueva Zelanda durante un a\u00f1o durante unas vacaciones de trabajo.<br>All\u00ed, el concepto de &#8220;vivir&#8221; que antes hab\u00eda sentido en Jap\u00f3n era completamente diferente.<br>Valoran a sus familias, amigos, pasatiempos y la naturaleza por encima de todo.<br>Sab\u00eda qu\u00e9 era lo m\u00e1s importante y feliz en la vida y lo puso en pr\u00e1ctica.<br>Honestamente, antes de ir a Nueva Zelanda, ten\u00eda un inter\u00e9s sorprendente por las cosas brillantes y,<br>por ejemplo, quer\u00eda montar algo genial incluso si ten\u00eda que esforzarme para hacerlo. Quiero tomar una copa en un bar elegante.<br>Quiero hacerme rico y vivir una vida rica. Me hizo pensar en lo aburrido que era pensar en esas cosas.<\/p>\n\n\n\n<p>Mientras pasaba tiempo en Nueva Zelanda, fui a la escuela y conoc\u00ed gente de todo el mundo, aprend\u00ed sobre sus formas de pensar y<br>aprend\u00ed el verdadero significado de trabajar localmente y por qu\u00e9 trabaj\u00e9 all\u00ed. Aprend\u00ed una vida con experiencias que el dinero pod\u00eda ofrecer. Nunca compre. Llegu\u00e9 a saber eso.<\/p>\n\n\n\n<p>Jap\u00f3n es un pa\u00eds desarrollado y la gente tiende a pensar que pueden conseguir lo que quieran siempre que tengan dinero.<br>Sin embargo, siento que las cosas verdaderamente importantes y la felicidad est\u00e1n escondidas en un lugar donde parece haber abundancia de abundancia.<br>A trav\u00e9s de Bro-Sis Co., Ltd., nos gustar\u00eda brindarle a Jap\u00f3n riqueza espiritual, no solo riqueza financiera.<\/p>\n\n\n\n<p>Inicialmente, proporcionaremos autom\u00f3viles como medio de transporte para hacer la vida m\u00e1s agradable, pero en un futuro pr\u00f3ximo crearemos algo m\u00e1s que eso.<br>Por ejemplo, abriremos instalaciones para acampar que ofrezcan una sensaci\u00f3n de supervivencia con equipo limitado y<br>crearemos instalaciones que ofrezcan actividades que los adultos puedan disfrutar seriamente.<br>El sue\u00f1o de hace 15 a\u00f1os era combinar un B&amp;B, un centro de actividades y un centro para personas mayores, de modo que<br>las personas mayores activas de m\u00e1s de 65 a\u00f1os pudieran vivir c\u00f3modamente en la naturaleza, mientras se turnaban para gestionar el centro de actividades durante el d\u00eda y disfrutar de la autosuficiencia. haciendo comida. Por supuesto, el plan es que todos los residentes mayores utilicen el servicio de forma gratuita.<br>El espacio donde vivir\u00e1n las personas mayores ser\u00e1 una casita con aseo, y tambi\u00e9n se prev\u00e9 crear un comedor, un ba\u00f1o y una sala polivalente.<br>La comunicaci\u00f3n tambi\u00e9n es posible dentro de las instalaciones. (Sin embargo, el criterio para aceptar personas mayores aqu\u00ed es que sean activos).<br>Esto hace sonre\u00edr a los adultos y ni\u00f1os que provienen de diferentes familias, y las personas mayores que lo ven tambi\u00e9n sonr\u00eden. Tengo la intenci\u00f3n seria de crear una comunidad as\u00ed. A los ni\u00f1os se les ense\u00f1an las maravillas de la naturaleza y el mundo<br>es posible gracias al apoyo de todo tipo de personas. Quiero que la gente experimente estas cosas mientras vive su vida en contacto con la naturaleza.<br>Nos gustar\u00eda brindar experiencias que se puedan acumular en la mente al experimentarlas.<br>Sobre todo creo que estar ah\u00ed es lo m\u00e1s divertido.<\/p>\n\n\n\n<p>Finalmente, Bro-Sis es una palabra acu\u00f1ada que combina las palabras inglesas Brother y Sister.<br>En los pa\u00edses de habla inglesa, se les llama cari\u00f1osamente Bro y Sis.<br>Esto representa una profunda relaci\u00f3n fraternal.<br>No creo que nadie sea superior en la empresa ni ante los clientes;<br>todos son iguales y todos son iguales.<br>El nombre de nuestra empresa refleja este deseo.<br>Ser\u00e9 el representante, pero lo considero una divisi\u00f3n del trabajo y no un superior.<br>Responsabilidad como representante de la empresa, responsabilidad con los socios comerciales, responsabilidad con la sociedad. Responsabilidad<br>de crear y orientar el futuro de la empresa.<br>Cumplir\u00e9 estos objetivos.<\/p>\n\n\n\n<p>Bro-Sis Co., Ltd.\u3000<br>Director representante Yoshihisa Aoki<\/p>\n<div class=\"veu_socialSet veu_socialSet-position-after veu_contentAddSection\"><script>window.twttr=(function(d,s,id){var js,fjs=d.getElementsByTagName(s)[0],t=window.twttr||{};if(d.getElementById(id))return t;js=d.createElement(s);js.id=id;js.src=\"https:\/\/platform.twitter.com\/widgets.js\";fjs.parentNode.insertBefore(js,fjs);t._e=[];t.ready=function(f){t._e.push(f);};return t;}(document,\"script\",\"twitter-wjs\"));<\/script><ul><\/ul><\/div><!-- [ \/.socialSet ] -->","protected":false},"excerpt":{"rendered":"<p>Mensaje representativo Pensamientos y aspiraciones para el establecimiento de Bro-Sis Co., Ltd. Cuando ten\u00eda 2 [&hellip;]<\/p>\n","protected":false},"author":1,"featured_media":0,"parent":0,"menu_order":0,"comment_status":"closed","ping_status":"closed","template":"","meta":{"footnotes":""},"aioseo_notices":[],"_links":{"self":[{"href":"https:\/\/bro-sis.jp\/index.php?rest_route=\/wp\/v2\/pages\/3165"}],"collection":[{"href":"https:\/\/bro-sis.jp\/index.php?rest_route=\/wp\/v2\/pages"}],"about":[{"href":"https:\/\/bro-sis.jp\/index.php?rest_route=\/wp\/v2\/types\/page"}],"author":[{"embeddable":true,"href":"https:\/\/bro-sis.jp\/index.php?rest_route=\/wp\/v2\/users\/1"}],"replies":[{"embeddable":true,"href":"https:\/\/bro-sis.jp\/index.php?rest_route=%2Fwp%2Fv2%2Fcomments&post=3165"}],"version-history":[{"count":2,"href":"https:\/\/bro-sis.jp\/index.php?rest_route=\/wp\/v2\/pages\/3165\/revisions"}],"predecessor-version":[{"id":3483,"href":"https:\/\/bro-sis.jp\/index.php?rest_route=\/wp\/v2\/pages\/3165\/revisions\/3483"}],"wp:attachment":[{"href":"https:\/\/bro-sis.jp\/index.php?rest_route=%2Fwp%2Fv2%2Fmedia&parent=3165"}],"curies":[{"name":"wp","href":"https:\/\/api.w.org\/{rel}","templated":true}]}}