{"id":3178,"date":"2024-11-07T15:47:54","date_gmt":"2024-11-07T06:47:54","guid":{"rendered":"https:\/\/bro-sis.jp\/?page_id=3178"},"modified":"2024-11-12T10:56:12","modified_gmt":"2024-11-12T01:56:12","slug":"%e3%83%ac%e3%83%b3%e3%82%bf%e3%82%ab%e3%83%bc-espanol","status":"publish","type":"page","link":"https:\/\/bro-sis.jp\/?page_id=3178&lang=es","title":{"rendered":"coche de alquiler"},"content":{"rendered":"\n<figure class=\"wp-block-gallery has-nested-images columns-default is-cropped wp-block-gallery-1 is-layout-flex wp-block-gallery-is-layout-flex\">\n<figure class=\"wp-block-image size-large\"><img loading=\"lazy\" decoding=\"async\" width=\"735\" height=\"759\" data-id=\"562\" src=\"https:\/\/bro-sis.jp\/wp-content\/uploads\/2020\/09\/HP\u7528.jpg\" alt=\"\" class=\"wp-image-562\" srcset=\"https:\/\/bro-sis.jp\/wp-content\/uploads\/2020\/09\/HP\u7528.jpg 735w, https:\/\/bro-sis.jp\/wp-content\/uploads\/2020\/09\/HP\u7528-291x300.jpg 291w\" sizes=\"(max-width: 735px) 100vw, 735px\" \/><\/figure>\n\n\n\n<figure class=\"wp-block-image size-large\"><img loading=\"lazy\" decoding=\"async\" width=\"750\" height=\"622\" data-id=\"563\" src=\"https:\/\/bro-sis.jp\/wp-content\/uploads\/2020\/09\/HP\u75282.jpg\" alt=\"\" class=\"wp-image-563\" srcset=\"https:\/\/bro-sis.jp\/wp-content\/uploads\/2020\/09\/HP\u75282.jpg 750w, https:\/\/bro-sis.jp\/wp-content\/uploads\/2020\/09\/HP\u75282-300x249.jpg 300w\" sizes=\"(max-width: 750px) 100vw, 750px\" \/><\/figure>\n<\/figure>\n\n\n\n<p><\/p>\n\n\n\n<p><br><\/p>\n\n\n\n<p class=\"has-text-align-center has-medium-font-size\"><strong>\u00a1Puede alquilar el autom\u00f3vil completo, incluido no solo el autom\u00f3vil, sino tambi\u00e9n los art\u00edculos para exteriores!<br>\u00a1Sal f\u00e1cilmente al aire libre!<\/strong><br><\/p>\n\n\n\n<h2 class=\"wp-block-heading has-text-align-center header-top\">Lista de precios de coches de alquiler<\/h2>\n\n\n\n<p class=\"has-text-align-right\">(Precio sin impuestos)<\/p>\n\n\n\n<h3 class=\"wp-block-heading is-style-vk-heading-plain\">veh\u00edculo ligero<\/h3>\n\n\n\n<figure class=\"wp-block-table alignwide is-style-regular\"><table><thead><tr><th class=\"has-text-align-right\" data-align=\"right\"><strong>clasificaci\u00f3n<\/strong><\/th><th class=\"has-text-align-right\" data-align=\"right\"><strong>precio<\/strong><\/th><th class=\"has-text-align-right\" data-align=\"right\"><strong><strong>Seguidores de Facebook\/Insta<\/strong><\/strong><\/th><th class=\"has-text-align-right\" data-align=\"right\"><strong><strong>Gran valor<\/strong><\/strong><\/th><\/tr><\/thead><tbody><tr><td class=\"has-text-align-right\" data-align=\"right\">\uff5e660<\/td><td class=\"has-text-align-right\" data-align=\"right\">5000<\/td><td class=\"has-text-align-right\" data-align=\"right\">3750<\/td><td class=\"has-text-align-right\" data-align=\"right\">-1250<\/td><\/tr><\/tbody><\/table><\/figure>\n\n\n\n<p><br><\/p>\n\n\n\n<h3 class=\"wp-block-heading is-style-vk-heading-plain\">coche ordinario<\/h3>\n\n\n\n<figure class=\"wp-block-table\"><table><thead><tr><th class=\"has-text-align-right\" data-align=\"right\"><strong>clasificaci\u00f3n<\/strong><\/th><th class=\"has-text-align-right\" data-align=\"right\"><strong><strong><strong><strong>precio<\/strong><\/strong><\/strong><\/strong><\/th><th class=\"has-text-align-right\" data-align=\"right\"><strong><strong><strong>Seguidores de Facebook\/Insta<\/strong><\/strong><\/strong><\/th><th class=\"has-text-align-right\" data-align=\"right\"><strong><strong><strong>Gran valor<\/strong><\/strong><\/strong><\/th><\/tr><\/thead><tbody><tr><td class=\"has-text-align-right\" data-align=\"right\">~Menos de 1500cc<\/td><td class=\"has-text-align-right\" data-align=\"right\">7000<\/td><td class=\"has-text-align-right\" data-align=\"right\">5250<\/td><td class=\"has-text-align-right\" data-align=\"right\">-1750<\/td><\/tr><tr><td class=\"has-text-align-right\" data-align=\"right\">H\u00edbrido ~ menos de 1800 cc<\/td><td class=\"has-text-align-right\" data-align=\"right\">8500<\/td><td class=\"has-text-align-right\" data-align=\"right\">6375<\/td><td class=\"has-text-align-right\" data-align=\"right\">-2125<\/td><\/tr><tr><td class=\"has-text-align-right\" data-align=\"right\">H\u00edbrido 1800cc ~<\/td><td class=\"has-text-align-right\" data-align=\"right\">9500<\/td><td class=\"has-text-align-right\" data-align=\"right\">7125<\/td><td class=\"has-text-align-right\" data-align=\"right\">-2375<\/td><\/tr><tr><td class=\"has-text-align-right\" data-align=\"right\">1500cc~Menos de1800cc<\/td><td class=\"has-text-align-right\" data-align=\"right\">8500<\/td><td class=\"has-text-align-right\" data-align=\"right\">6375<\/td><td class=\"has-text-align-right\" data-align=\"right\">-2125<\/td><\/tr><tr><td class=\"has-text-align-right\" data-align=\"right\">1800cc~Menos de2000cc<\/td><td class=\"has-text-align-right\" data-align=\"right\">9500<\/td><td class=\"has-text-align-right\" data-align=\"right\">7125<\/td><td class=\"has-text-align-right\" data-align=\"right\">-2375<\/td><\/tr><tr><td class=\"has-text-align-right\" data-align=\"right\">2000cc~Menos de2500cc<\/td><td class=\"has-text-align-right\" data-align=\"right\">12500<\/td><td class=\"has-text-align-right\" data-align=\"right\">9375<\/td><td class=\"has-text-align-right\" data-align=\"right\">-3125<\/td><\/tr><tr><td class=\"has-text-align-right\" data-align=\"right\">3000cc\uff5e<\/td><td class=\"has-text-align-right\" data-align=\"right\">16500<\/td><td class=\"has-text-align-right\" data-align=\"right\">12375<\/td><td class=\"has-text-align-right\" data-align=\"right\">-4125<\/td><\/tr><\/tbody><\/table><\/figure>\n\n\n\n<p><br><\/p>\n\n\n\n<h3 class=\"wp-block-heading is-style-vk-heading-plain\">camioneta\/minivan<\/h3>\n\n\n\n<figure class=\"wp-block-table\"><table><thead><tr><th class=\"has-text-align-right\" data-align=\"right\"><strong>clasificaci\u00f3n<\/strong><\/th><th class=\"has-text-align-right\" data-align=\"right\"><strong><strong>precio<\/strong><\/strong><\/th><th class=\"has-text-align-right\" data-align=\"right\"><strong><strong><strong><strong>Seguidores de Facebook\/Insta<\/strong><\/strong><\/strong><\/strong><\/th><th class=\"has-text-align-right\" data-align=\"right\"><strong><strong><strong><strong>Gran valor<\/strong><\/strong><\/strong><\/strong><\/th><\/tr><\/thead><tbody><tr><td class=\"has-text-align-right\" data-align=\"right\">~Menos de2000cc<\/td><td class=\"has-text-align-right\" data-align=\"right\">8500<\/td><td class=\"has-text-align-right\" data-align=\"right\">6375<\/td><td class=\"has-text-align-right\" data-align=\"right\">-2125<\/td><\/tr><tr><td class=\"has-text-align-right\" data-align=\"right\">2000cc\uff5e2500cc<\/td><td class=\"has-text-align-right\" data-align=\"right\">\u300010000<\/td><td class=\"has-text-align-right\" data-align=\"right\">7500<\/td><td class=\"has-text-align-right\" data-align=\"right\">-2500<\/td><\/tr><tr><td class=\"has-text-align-right\" data-align=\"right\">2500cc\uff5e3000cc<\/td><td class=\"has-text-align-right\" data-align=\"right\">14000<\/td><td class=\"has-text-align-right\" data-align=\"right\">10500<\/td><td class=\"has-text-align-right\" data-align=\"right\">-3500<\/td><\/tr><tr><td class=\"has-text-align-right\" data-align=\"right\">3000cc<\/td><td class=\"has-text-align-right\" data-align=\"right\">17000<\/td><td class=\"has-text-align-right\" data-align=\"right\">12750<\/td><td class=\"has-text-align-right\" data-align=\"right\">-4250<\/td><\/tr><\/tbody><\/table><\/figure>\n\n\n\n<p><br><\/p>\n\n\n\n<h2 class=\"wp-block-heading is-style-vk-heading-plain\">c\u00e1mping<\/h2>\n\n\n\n<figure class=\"wp-block-table\"><table><thead><tr><th class=\"has-text-align-right\" data-align=\"right\"><strong>clasificaci\u00f3n<\/strong><\/th><th class=\"has-text-align-right\" data-align=\"right\"><strong><strong><strong>precio<\/strong><\/strong><\/strong><\/th><th class=\"has-text-align-right\" data-align=\"right\"><strong><strong><strong><strong><strong>Seguidores de Facebook\/Insta<\/strong><\/strong><\/strong><\/strong><\/strong><\/th><th class=\"has-text-align-right\" data-align=\"right\"><strong><strong><strong><strong><strong>Gran valor<\/strong><\/strong><\/strong><\/strong><\/strong><\/th><\/tr><\/thead><tbody><tr><td class=\"has-text-align-right\" data-align=\"right\">hiace<\/td><td class=\"has-text-align-right\" data-align=\"right\">15000<\/td><td class=\"has-text-align-right\" data-align=\"right\">11250<\/td><td class=\"has-text-align-right\" data-align=\"right\">-3750<\/td><\/tr><tr><td class=\"has-text-align-right\" data-align=\"right\">Furgoneta de procesamiento BOX<\/td><td class=\"has-text-align-right\" data-align=\"right\">19000<\/td><td class=\"has-text-align-right\" data-align=\"right\">14250<\/td><td class=\"has-text-align-right\" data-align=\"right\">-4750<\/td><\/tr><tr><td class=\"has-text-align-right\" data-align=\"right\">Veh\u00edculos de m\u00e1s de 10 a\u00f1os<\/td><td class=\"has-text-align-right\" data-align=\"right\">5000<\/td><td class=\"has-text-align-right\" data-align=\"right\">3750<\/td><td class=\"has-text-align-right\" data-align=\"right\">-1250<\/td><\/tr><\/tbody><\/table><\/figure>\n\n\n\n<p><br><\/p>\n\n\n\n<h2 class=\"wp-block-heading has-text-align-center header-top\">productos\u00a0<strong>al aire libre<\/strong><\/h2>\n\n\n\n<figure class=\"wp-block-table\"><table><thead><tr><th><strong>clasificaci\u00f3n<\/strong><\/th><th class=\"has-text-align-right\" data-align=\"right\"><strong><strong><strong><strong>precio<\/strong><\/strong><\/strong><\/strong><\/th><th class=\"has-text-align-right\" data-align=\"right\"><strong><strong><strong><strong><strong>Seguidores de Facebook\/Insta<\/strong><\/strong><\/strong><\/strong><\/strong><\/th><th class=\"has-text-align-right\" data-align=\"right\"><strong><strong><strong><strong><strong><strong>Gran valor<\/strong><\/strong><\/strong><\/strong><\/strong><\/strong><\/th><\/tr><\/thead><tbody><tr><td>Conjunto de campamento (para hasta 5 personas)<\/td><td class=\"has-text-align-right\" data-align=\"right\">5000<\/td><td class=\"has-text-align-right\" data-align=\"right\">3750<\/td><td class=\"has-text-align-right\" data-align=\"right\">-1250<\/td><\/tr><tr><td>Conjunto de campamento (para hasta 3 personas)<\/td><td class=\"has-text-align-right\" data-align=\"right\">4200<\/td><td class=\"has-text-align-right\" data-align=\"right\">3150<\/td><td class=\"has-text-align-right\" data-align=\"right\">-1050<\/td><\/tr><tr><td>Conjunto de SUP (para 1 persona)<\/td><td class=\"has-text-align-right\" data-align=\"right\">2500<\/td><td class=\"has-text-align-right\" data-align=\"right\">1875<\/td><td class=\"has-text-align-right\" data-align=\"right\">-625<\/td><\/tr><tr><td>Conjunto de SURF (para 1 persona)<\/td><td class=\"has-text-align-right\" data-align=\"right\">2500<\/td><td class=\"has-text-align-right\" data-align=\"right\">1875<\/td><td class=\"has-text-align-right\" data-align=\"right\">-625<\/td><\/tr><tr><td>Set de PESCA (para 1 persona)<\/td><td class=\"has-text-align-right\" data-align=\"right\">1300<\/td><td class=\"has-text-align-right\" data-align=\"right\">1000<\/td><td class=\"has-text-align-right\" data-align=\"right\">-300<\/td><\/tr><tr><td>c\u00e1mara r\u00e9flex de lente \u00fanica<\/td><td class=\"has-text-align-right\" data-align=\"right\">2000<\/td><td class=\"has-text-align-right\" data-align=\"right\">1500<\/td><td class=\"has-text-align-right\" data-align=\"right\">-500<\/td><\/tr><tr><td>C\u00e1mara submarina con funci\u00f3n de v\u00eddeo.<\/td><td class=\"has-text-align-right\" data-align=\"right\">2000<\/td><td class=\"has-text-align-right\" data-align=\"right\">1500<\/td><td class=\"has-text-align-right\" data-align=\"right\">-500<\/td><\/tr><\/tbody><\/table><\/figure>\n\n\n\n<p><br><\/p>\n\n\n\n<p>\u2605El equipo de campamento incluye tienda de campa\u00f1a, lona, \u200b\u200bsaco de dormir, agua, olla, pan, estufa x 2, mesa, sillas, vajilla, cuchillo, etc.<\/p>\n\n\n\n<p>\u2605SUP incluye tabla, aletas, remo, bomba de aire, traje de neopreno, agua, caja, informaci\u00f3n de puntos, libro de reglas<\/p>\n\n\n\n<p>\u2605SURF incluye tabla, aletas, cord\u00f3n de correa, traje de neopreno, agua, CAJA, informaci\u00f3n de puntos, libro de reglas<\/p>\n\n\n\n<p>\u2605PESCA incluye ca\u00f1as, carretes, se\u00f1uelos, cajas de herramientas, hieleras e informaci\u00f3n de puntos.<\/p>\n\n\n\n<p>\u2605Las fotos tomadas con una c\u00e1mara r\u00e9flex de objetivo \u00fanico se enviar\u00e1n al cliente de forma gratuita en una fecha posterior.<\/p>\n\n\n\n<p>\u2605Las fotos tomadas con una c\u00e1mara subacu\u00e1tica se enviar\u00e1n al cliente de forma gratuita en una fecha posterior.<\/p>\n<div class=\"veu_socialSet veu_socialSet-position-after veu_contentAddSection\"><script>window.twttr=(function(d,s,id){var js,fjs=d.getElementsByTagName(s)[0],t=window.twttr||{};if(d.getElementById(id))return t;js=d.createElement(s);js.id=id;js.src=\"https:\/\/platform.twitter.com\/widgets.js\";fjs.parentNode.insertBefore(js,fjs);t._e=[];t.ready=function(f){t._e.push(f);};return t;}(document,\"script\",\"twitter-wjs\"));<\/script><ul><\/ul><\/div><!-- [ \/.socialSet ] -->","protected":false},"excerpt":{"rendered":"<p>\u00a1Puede alquilar el autom\u00f3vil completo, incluido no solo el autom\u00f3vil, sino tambi\u00e9n los art\u00edculos para exterior [&hellip;]<\/p>\n","protected":false},"author":1,"featured_media":0,"parent":0,"menu_order":0,"comment_status":"closed","ping_status":"closed","template":"","meta":{"footnotes":""},"aioseo_notices":[],"_links":{"self":[{"href":"https:\/\/bro-sis.jp\/index.php?rest_route=\/wp\/v2\/pages\/3178"}],"collection":[{"href":"https:\/\/bro-sis.jp\/index.php?rest_route=\/wp\/v2\/pages"}],"about":[{"href":"https:\/\/bro-sis.jp\/index.php?rest_route=\/wp\/v2\/types\/page"}],"author":[{"embeddable":true,"href":"https:\/\/bro-sis.jp\/index.php?rest_route=\/wp\/v2\/users\/1"}],"replies":[{"embeddable":true,"href":"https:\/\/bro-sis.jp\/index.php?rest_route=%2Fwp%2Fv2%2Fcomments&post=3178"}],"version-history":[{"count":3,"href":"https:\/\/bro-sis.jp\/index.php?rest_route=\/wp\/v2\/pages\/3178\/revisions"}],"predecessor-version":[{"id":3482,"href":"https:\/\/bro-sis.jp\/index.php?rest_route=\/wp\/v2\/pages\/3178\/revisions\/3482"}],"wp:attachment":[{"href":"https:\/\/bro-sis.jp\/index.php?rest_route=%2Fwp%2Fv2%2Fmedia&parent=3178"}],"curies":[{"name":"wp","href":"https:\/\/api.w.org\/{rel}","templated":true}]}}