{"id":3180,"date":"2024-11-07T15:47:54","date_gmt":"2024-11-07T06:47:54","guid":{"rendered":"https:\/\/bro-sis.jp\/?page_id=3180"},"modified":"2024-11-12T11:02:46","modified_gmt":"2024-11-12T02:02:46","slug":"%e3%83%ac%e3%83%b3%e3%82%bf%e3%82%ab%e3%83%bc-portugues","status":"publish","type":"page","link":"https:\/\/bro-sis.jp\/?page_id=3180&lang=pt","title":{"rendered":"carro alugado"},"content":{"rendered":"\n<figure class=\"wp-block-gallery has-nested-images columns-default is-cropped wp-block-gallery-1 is-layout-flex wp-block-gallery-is-layout-flex\">\n<figure class=\"wp-block-image size-large\"><img loading=\"lazy\" decoding=\"async\" width=\"735\" height=\"759\" data-id=\"562\" src=\"https:\/\/bro-sis.jp\/wp-content\/uploads\/2020\/09\/HP\u7528.jpg\" alt=\"\" class=\"wp-image-562\" srcset=\"https:\/\/bro-sis.jp\/wp-content\/uploads\/2020\/09\/HP\u7528.jpg 735w, https:\/\/bro-sis.jp\/wp-content\/uploads\/2020\/09\/HP\u7528-291x300.jpg 291w\" sizes=\"(max-width: 735px) 100vw, 735px\" \/><\/figure>\n\n\n\n<figure class=\"wp-block-image size-large\"><img loading=\"lazy\" decoding=\"async\" width=\"750\" height=\"622\" data-id=\"563\" src=\"https:\/\/bro-sis.jp\/wp-content\/uploads\/2020\/09\/HP\u75282.jpg\" alt=\"\" class=\"wp-image-563\" srcset=\"https:\/\/bro-sis.jp\/wp-content\/uploads\/2020\/09\/HP\u75282.jpg 750w, https:\/\/bro-sis.jp\/wp-content\/uploads\/2020\/09\/HP\u75282-300x249.jpg 300w\" sizes=\"(max-width: 750px) 100vw, 750px\" \/><\/figure>\n<\/figure>\n\n\n\n<p><\/p>\n\n\n\n<p><br><\/p>\n\n\n\n<p class=\"has-text-align-center has-medium-font-size\"><strong>Voc\u00ea pode alugar o carro inteiro, incluindo n\u00e3o s\u00f3 o carro, mas tamb\u00e9m <\/strong><br><strong>produtos para atividades ao ar livre!<br>V\u00e1 facilmente ao ar livre!<\/strong><\/p>\n\n\n\n<p class=\"has-text-align-center has-medium-font-size\"><br><\/p>\n\n\n\n<h2 class=\"wp-block-heading has-text-align-center header-top\">Lista de pre\u00e7os de aluguel de carro<\/h2>\n\n\n\n<p class=\"has-text-align-right\">(Pre\u00e7o sem impostos)<\/p>\n\n\n\n<h3 class=\"wp-block-heading is-style-vk-heading-plain\">Ve\u00edculo leve<\/h3>\n\n\n\n<figure class=\"wp-block-table alignwide is-style-regular\"><table><thead><tr><th class=\"has-text-align-right\" data-align=\"right\">classifica\u00e7\u00e3o<\/th><th class=\"has-text-align-right\" data-align=\"right\"><strong>pre\u00e7o<\/strong><\/th><th class=\"has-text-align-right\" data-align=\"right\"><strong>Seguidores do Facebook\/Insta<\/strong><\/th><th class=\"has-text-align-right\" data-align=\"right\"><strong>\u00d3timo valor<\/strong><\/th><\/tr><\/thead><tbody><tr><td class=\"has-text-align-right\" data-align=\"right\">\uff5e660<\/td><td class=\"has-text-align-right\" data-align=\"right\">5000<\/td><td class=\"has-text-align-right\" data-align=\"right\">3750<\/td><td class=\"has-text-align-right\" data-align=\"right\">-1250<\/td><\/tr><\/tbody><\/table><\/figure>\n\n\n\n<p><br><\/p>\n\n\n\n<h3 class=\"wp-block-heading is-style-vk-heading-plain\">Carro comum<\/h3>\n\n\n\n<figure class=\"wp-block-table\"><table><thead><tr><th class=\"has-text-align-right\" data-align=\"right\">classifica\u00e7\u00e3o<\/th><th class=\"has-text-align-right\" data-align=\"right\"><strong>pre\u00e7o<\/strong><\/th><th class=\"has-text-align-right\" data-align=\"right\"><strong>Seguidores do Facebook\/Insta<\/strong><\/th><th class=\"has-text-align-right\" data-align=\"right\"><strong>\u00d3timo valor<\/strong><\/th><\/tr><\/thead><tbody><tr><td class=\"has-text-align-right\" data-align=\"right\">~Menos de 1500cc<\/td><td class=\"has-text-align-right\" data-align=\"right\">7000<\/td><td class=\"has-text-align-right\" data-align=\"right\">5250<\/td><td class=\"has-text-align-right\" data-align=\"right\">-1750<\/td><\/tr><tr><td class=\"has-text-align-right\" data-align=\"right\">H\u00edbrido ~ menos de 1800 cc<\/td><td class=\"has-text-align-right\" data-align=\"right\">8500<\/td><td class=\"has-text-align-right\" data-align=\"right\">6375<\/td><td class=\"has-text-align-right\" data-align=\"right\">-2125<\/td><\/tr><tr><td class=\"has-text-align-right\" data-align=\"right\">H\u00edbrido 1800cc ~<\/td><td class=\"has-text-align-right\" data-align=\"right\">9500<\/td><td class=\"has-text-align-right\" data-align=\"right\">7125<\/td><td class=\"has-text-align-right\" data-align=\"right\">-2375<\/td><\/tr><tr><td class=\"has-text-align-right\" data-align=\"right\">1500cc~Menos de1800cc<\/td><td class=\"has-text-align-right\" data-align=\"right\">8500<\/td><td class=\"has-text-align-right\" data-align=\"right\">6375<\/td><td class=\"has-text-align-right\" data-align=\"right\">-2125<\/td><\/tr><tr><td class=\"has-text-align-right\" data-align=\"right\">1800cc~Menos de2000cc<\/td><td class=\"has-text-align-right\" data-align=\"right\">9500<\/td><td class=\"has-text-align-right\" data-align=\"right\">7125<\/td><td class=\"has-text-align-right\" data-align=\"right\">-2375<\/td><\/tr><tr><td class=\"has-text-align-right\" data-align=\"right\">2000cc~Menos de2500cc<\/td><td class=\"has-text-align-right\" data-align=\"right\">12500<\/td><td class=\"has-text-align-right\" data-align=\"right\">9375<\/td><td class=\"has-text-align-right\" data-align=\"right\">-3125<\/td><\/tr><tr><td class=\"has-text-align-right\" data-align=\"right\">3000cc\uff5e<\/td><td class=\"has-text-align-right\" data-align=\"right\">16500<\/td><td class=\"has-text-align-right\" data-align=\"right\">12375<\/td><td class=\"has-text-align-right\" data-align=\"right\">-4125<\/td><\/tr><\/tbody><\/table><\/figure>\n\n\n\n<p><br><\/p>\n\n\n\n<h3 class=\"wp-block-heading is-style-vk-heading-plain\">vag\u00e3o\/minivan<\/h3>\n\n\n\n<figure class=\"wp-block-table\"><table><thead><tr><th class=\"has-text-align-right\" data-align=\"right\">classifica\u00e7\u00e3o<\/th><th class=\"has-text-align-right\" data-align=\"right\"><strong>pre\u00e7o<\/strong><\/th><th class=\"has-text-align-right\" data-align=\"right\"><strong>Seguidores do Facebook\/Insta<\/strong><\/th><th class=\"has-text-align-right\" data-align=\"right\"><strong>\u00d3timo valor<\/strong><\/th><\/tr><\/thead><tbody><tr><td class=\"has-text-align-right\" data-align=\"right\">~Menos de2000cc<\/td><td class=\"has-text-align-right\" data-align=\"right\">8500<\/td><td class=\"has-text-align-right\" data-align=\"right\">6375<\/td><td class=\"has-text-align-right\" data-align=\"right\">-2125<\/td><\/tr><tr><td class=\"has-text-align-right\" data-align=\"right\">2000cc\uff5e2500cc<\/td><td class=\"has-text-align-right\" data-align=\"right\">\u300010000<\/td><td class=\"has-text-align-right\" data-align=\"right\">7500<\/td><td class=\"has-text-align-right\" data-align=\"right\">-2500<\/td><\/tr><tr><td class=\"has-text-align-right\" data-align=\"right\">2500cc\uff5e3000cc<\/td><td class=\"has-text-align-right\" data-align=\"right\">14000<\/td><td class=\"has-text-align-right\" data-align=\"right\">10500<\/td><td class=\"has-text-align-right\" data-align=\"right\">-3500<\/td><\/tr><tr><td class=\"has-text-align-right\" data-align=\"right\">3000cc<\/td><td class=\"has-text-align-right\" data-align=\"right\">17000<\/td><td class=\"has-text-align-right\" data-align=\"right\">12750<\/td><td class=\"has-text-align-right\" data-align=\"right\">-4250<\/td><\/tr><\/tbody><\/table><\/figure>\n\n\n\n<p><br><\/p>\n\n\n\n<h2 class=\"wp-block-heading is-style-vk-heading-plain\">camping<\/h2>\n\n\n\n<figure class=\"wp-block-table\"><table><thead><tr><th class=\"has-text-align-right\" data-align=\"right\">classifica\u00e7\u00e3o<\/th><th class=\"has-text-align-right\" data-align=\"right\"><strong>pre\u00e7o<\/strong><\/th><th class=\"has-text-align-right\" data-align=\"right\"><strong>Seguidores do Facebook\/Insta<\/strong><\/th><th class=\"has-text-align-right\" data-align=\"right\"><strong>\u00d3timo valor<\/strong><\/th><\/tr><\/thead><tbody><tr><td class=\"has-text-align-right\" data-align=\"right\">hiace<\/td><td class=\"has-text-align-right\" data-align=\"right\">15000<\/td><td class=\"has-text-align-right\" data-align=\"right\">11250<\/td><td class=\"has-text-align-right\" data-align=\"right\">-3750<\/td><\/tr><tr><td class=\"has-text-align-right\" data-align=\"right\">Van de processamento BOX<\/td><td class=\"has-text-align-right\" data-align=\"right\">19000<\/td><td class=\"has-text-align-right\" data-align=\"right\">14250<\/td><td class=\"has-text-align-right\" data-align=\"right\">-4750<\/td><\/tr><tr><td class=\"has-text-align-right\" data-align=\"right\">Ve\u00edculos com mais de 10 anos<\/td><td class=\"has-text-align-right\" data-align=\"right\">5000<\/td><td class=\"has-text-align-right\" data-align=\"right\">3750<\/td><td class=\"has-text-align-right\" data-align=\"right\">-1250<\/td><\/tr><\/tbody><\/table><\/figure>\n\n\n\n<p><br><\/p>\n\n\n\n<h2 class=\"wp-block-heading has-text-align-center header-top\">bens&nbsp;<strong>ao ar livre<\/strong><\/h2>\n\n\n\n<figure class=\"wp-block-table\"><table><thead><tr><th>classifica\u00e7\u00e3o<\/th><th class=\"has-text-align-right\" data-align=\"right\"><strong>pre\u00e7o<\/strong><\/th><th class=\"has-text-align-right\" data-align=\"right\"><strong>Seguidores do Facebook\/Insta<\/strong><\/th><th class=\"has-text-align-right\" data-align=\"right\"><strong>\u00d3timo valor<\/strong><\/th><\/tr><\/thead><tbody><tr><td>Conjunto de acampamento (para at\u00e9 5 pessoas)<\/td><td class=\"has-text-align-right\" data-align=\"right\">5000<\/td><td class=\"has-text-align-right\" data-align=\"right\">3750<\/td><td class=\"has-text-align-right\" data-align=\"right\">-1250<\/td><\/tr><tr><td>Conjunto de acampamento (para at\u00e9 3 pessoas)<\/td><td class=\"has-text-align-right\" data-align=\"right\">4200<\/td><td class=\"has-text-align-right\" data-align=\"right\">3150<\/td><td class=\"has-text-align-right\" data-align=\"right\">-1050<\/td><\/tr><tr><td>Conjunto SUP (para 1 pessoa)<\/td><td class=\"has-text-align-right\" data-align=\"right\">2500<\/td><td class=\"has-text-align-right\" data-align=\"right\">1875<\/td><td class=\"has-text-align-right\" data-align=\"right\">-625<\/td><\/tr><tr><td>Conjunto SURFING (para 1 pessoa)<\/td><td class=\"has-text-align-right\" data-align=\"right\">2500<\/td><td class=\"has-text-align-right\" data-align=\"right\">1875<\/td><td class=\"has-text-align-right\" data-align=\"right\">-625<\/td><\/tr><tr><td>Conjunto de PESCA (para 1 pessoa)<\/td><td class=\"has-text-align-right\" data-align=\"right\">1300<\/td><td class=\"has-text-align-right\" data-align=\"right\">1000<\/td><td class=\"has-text-align-right\" data-align=\"right\">-300<\/td><\/tr><tr><td>c\u00e2mera reflex de lente \u00fanica<\/td><td class=\"has-text-align-right\" data-align=\"right\">2000<\/td><td class=\"has-text-align-right\" data-align=\"right\">1500<\/td><td class=\"has-text-align-right\" data-align=\"right\">-500<\/td><\/tr><tr><td>C\u00e2mera subaqu\u00e1tica com fun\u00e7\u00e3o de v\u00eddeo<\/td><td class=\"has-text-align-right\" data-align=\"right\">2000<\/td><td class=\"has-text-align-right\" data-align=\"right\">1500<\/td><td class=\"has-text-align-right\" data-align=\"right\">-500<\/td><\/tr><\/tbody><\/table><\/figure>\n\n\n\n<p><br><\/p>\n\n\n\n<p>\u2605O equipamento de acampamento inclui barraca, lona, \u200b\u200bsaco de dormir, \u00e1gua, panela, p\u00e3o, fog\u00e3o x 2, mesa, cadeiras, talheres, faca, etc.<\/p>\n\n\n\n<p>\u2605SUP inclui prancha, nadadeiras, remo, bomba de ar, roupa de mergulho, \u00e1gua, caixa, informa\u00e7\u00f5es de pontos, livro de regras<\/p>\n\n\n\n<p>\u2605SURFING inclui prancha, nadadeiras, leash cord, roupa de mergulho, \u00e1gua, BOX, informa\u00e7\u00f5es de pontos, livro de regras<\/p>\n\n\n\n<p>\u2605 PESCA inclui varas, molinetes, iscas, caixas de ferramentas, caixas t\u00e9rmicas e informa\u00e7\u00f5es de pontos.<\/p>\n\n\n\n<p>\u2605Fotos tiradas com uma c\u00e2mera reflex de lente \u00fanica ser\u00e3o enviadas ao cliente gratuitamente em uma data posterior.<\/p>\n\n\n\n<p>\u2605As fotos tiradas com uma c\u00e2mera subaqu\u00e1tica ser\u00e3o enviadas ao cliente gratuitamente posteriormente.<\/p>\n<div class=\"veu_socialSet veu_socialSet-position-after veu_contentAddSection\"><script>window.twttr=(function(d,s,id){var js,fjs=d.getElementsByTagName(s)[0],t=window.twttr||{};if(d.getElementById(id))return t;js=d.createElement(s);js.id=id;js.src=\"https:\/\/platform.twitter.com\/widgets.js\";fjs.parentNode.insertBefore(js,fjs);t._e=[];t.ready=function(f){t._e.push(f);};return t;}(document,\"script\",\"twitter-wjs\"));<\/script><ul><\/ul><\/div><!-- [ \/.socialSet ] -->","protected":false},"excerpt":{"rendered":"<p>Voc\u00ea pode alugar o carro inteiro, incluindo n\u00e3o s\u00f3 o carro, mas tamb\u00e9m produtos para atividades ao ar livre!V\u00e1 [&hellip;]<\/p>\n","protected":false},"author":1,"featured_media":0,"parent":0,"menu_order":0,"comment_status":"closed","ping_status":"closed","template":"","meta":{"footnotes":""},"aioseo_notices":[],"_links":{"self":[{"href":"https:\/\/bro-sis.jp\/index.php?rest_route=\/wp\/v2\/pages\/3180"}],"collection":[{"href":"https:\/\/bro-sis.jp\/index.php?rest_route=\/wp\/v2\/pages"}],"about":[{"href":"https:\/\/bro-sis.jp\/index.php?rest_route=\/wp\/v2\/types\/page"}],"author":[{"embeddable":true,"href":"https:\/\/bro-sis.jp\/index.php?rest_route=\/wp\/v2\/users\/1"}],"replies":[{"embeddable":true,"href":"https:\/\/bro-sis.jp\/index.php?rest_route=%2Fwp%2Fv2%2Fcomments&post=3180"}],"version-history":[{"count":3,"href":"https:\/\/bro-sis.jp\/index.php?rest_route=\/wp\/v2\/pages\/3180\/revisions"}],"predecessor-version":[{"id":3492,"href":"https:\/\/bro-sis.jp\/index.php?rest_route=\/wp\/v2\/pages\/3180\/revisions\/3492"}],"wp:attachment":[{"href":"https:\/\/bro-sis.jp\/index.php?rest_route=%2Fwp%2Fv2%2Fmedia&parent=3180"}],"curies":[{"name":"wp","href":"https:\/\/api.w.org\/{rel}","templated":true}]}}