{"id":3192,"date":"2024-11-07T15:48:19","date_gmt":"2024-11-07T06:48:19","guid":{"rendered":"https:\/\/bro-sis.jp\/?page_id=3192"},"modified":"2024-11-12T11:03:27","modified_gmt":"2024-11-12T02:03:27","slug":"%e4%bf%9d%e9%99%ba-portugues","status":"publish","type":"page","link":"https:\/\/bro-sis.jp\/?page_id=3192&lang=pt","title":{"rendered":"seguro"},"content":{"rendered":"\n<div class=\"wp-block-columns header-top is-layout-flex wp-container-core-columns-is-layout-1 wp-block-columns-is-layout-flex\">\n<div class=\"wp-block-column is-layout-flow wp-block-column-is-layout-flow\">\n<div class=\"wp-block-group\"><div class=\"wp-block-group__inner-container is-layout-flow wp-block-group-is-layout-flow\">\n<figure class=\"wp-block-gallery has-nested-images columns-default is-cropped wp-block-gallery-1 is-layout-flex wp-block-gallery-is-layout-flex\">\n<figure class=\"wp-block-image size-large\"><img loading=\"lazy\" decoding=\"async\" width=\"1024\" height=\"683\" src=\"https:\/\/bro-sis.jp\/wp-content\/uploads\/2020\/08\/\u30c9\u30e9\u30a4\u30d6\uff15\u300d-1024x683.jpg\" alt=\"\" class=\"wp-image-486\" srcset=\"https:\/\/bro-sis.jp\/wp-content\/uploads\/2020\/08\/\u30c9\u30e9\u30a4\u30d6\uff15\u300d-1024x683.jpg 1024w, https:\/\/bro-sis.jp\/wp-content\/uploads\/2020\/08\/\u30c9\u30e9\u30a4\u30d6\uff15\u300d-300x200.jpg 300w, https:\/\/bro-sis.jp\/wp-content\/uploads\/2020\/08\/\u30c9\u30e9\u30a4\u30d6\uff15\u300d-768x512.jpg 768w, https:\/\/bro-sis.jp\/wp-content\/uploads\/2020\/08\/\u30c9\u30e9\u30a4\u30d6\uff15\u300d.jpg 1350w\" sizes=\"(max-width: 1024px) 100vw, 1024px\" \/><\/figure>\n<\/figure>\n<\/div><\/div>\n<\/div>\n<\/div>\n\n\n\n<p style=\"font-size:25px\">O seguro autom\u00f3vel \u00e9 um seguro caso algo aconte\u00e7a com seu carro.<\/p>\n\n\n\n<p style=\"font-size:25px\">Muitas pessoas podem estar pagando pr\u00eamios de seguro sem saber o que h\u00e1 dentro.<\/p>\n\n\n\n<p style=\"font-size:25px\">Al\u00e9m disso, se voc\u00ea se envolver em um acidente,&nbsp;muitas vezes poder\u00e1 se perguntar: &#8220;N\u00e3o seria&nbsp;<strong>melhor n\u00e3o usar seguro<\/strong>&nbsp;&#8221; ou &#8220;&nbsp;<strong>N\u00e3o deveria ser melhor usar seguro &#8221;?<\/strong><\/p>\n\n\n\n<p style=\"font-size:25px\">Nesses casos, entre em contato com Bro-Sis! ! Nossa equipe experiente e experiente responder\u00e1 suas perguntas com cuidado.<\/p>\n\n\n\n<p style=\"font-size:25px\">Se voc\u00ea n\u00e3o sabe, \u00e9 uma perda. Se voc\u00ea n\u00e3o ouvir, \u00e9 uma perda. N\u00e3o hesite em contactar-nos! !<\/p>\n\n\n\n<p><br><\/p>\n\n\n\n<h2 class=\"wp-block-heading\">Empresa de manuseio<\/h2>\n\n\n\n<p class=\"has-luminous-vivid-orange-color has-text-color has-medium-font-size\"><span class=\"has-inline-color has-black-color\">Aioi Nissay Dowa Seguros<\/span><\/p>\n\n\n\n<p><\/p>\n\n\n\n<p><\/p>\n\n\n\n<p><\/p>\n\n\n\n<p><\/p>\n<div class=\"veu_socialSet veu_socialSet-position-after veu_contentAddSection\"><script>window.twttr=(function(d,s,id){var js,fjs=d.getElementsByTagName(s)[0],t=window.twttr||{};if(d.getElementById(id))return t;js=d.createElement(s);js.id=id;js.src=\"https:\/\/platform.twitter.com\/widgets.js\";fjs.parentNode.insertBefore(js,fjs);t._e=[];t.ready=function(f){t._e.push(f);};return t;}(document,\"script\",\"twitter-wjs\"));<\/script><ul><\/ul><\/div><!-- [ \/.socialSet ] -->","protected":false},"excerpt":{"rendered":"<p>O seguro autom\u00f3vel \u00e9 um seguro caso algo aconte\u00e7a com seu carro. Muitas pessoas podem estar pagando pr\u00eamios de [&hellip;]<\/p>\n","protected":false},"author":1,"featured_media":0,"parent":0,"menu_order":0,"comment_status":"closed","ping_status":"closed","template":"","meta":{"footnotes":""},"aioseo_notices":[],"_links":{"self":[{"href":"https:\/\/bro-sis.jp\/index.php?rest_route=\/wp\/v2\/pages\/3192"}],"collection":[{"href":"https:\/\/bro-sis.jp\/index.php?rest_route=\/wp\/v2\/pages"}],"about":[{"href":"https:\/\/bro-sis.jp\/index.php?rest_route=\/wp\/v2\/types\/page"}],"author":[{"embeddable":true,"href":"https:\/\/bro-sis.jp\/index.php?rest_route=\/wp\/v2\/users\/1"}],"replies":[{"embeddable":true,"href":"https:\/\/bro-sis.jp\/index.php?rest_route=%2Fwp%2Fv2%2Fcomments&post=3192"}],"version-history":[{"count":2,"href":"https:\/\/bro-sis.jp\/index.php?rest_route=\/wp\/v2\/pages\/3192\/revisions"}],"predecessor-version":[{"id":3495,"href":"https:\/\/bro-sis.jp\/index.php?rest_route=\/wp\/v2\/pages\/3192\/revisions\/3495"}],"wp:attachment":[{"href":"https:\/\/bro-sis.jp\/index.php?rest_route=%2Fwp%2Fv2%2Fmedia&parent=3192"}],"curies":[{"name":"wp","href":"https:\/\/api.w.org\/{rel}","templated":true}]}}