{"id":3198,"date":"2024-11-07T15:48:31","date_gmt":"2024-11-07T06:48:31","guid":{"rendered":"https:\/\/bro-sis.jp\/?page_id=3198"},"modified":"2024-11-12T11:04:22","modified_gmt":"2024-11-12T02:04:22","slug":"%e8%bc%b8%e5%87%ba%e5%85%a5-portugues","status":"publish","type":"page","link":"https:\/\/bro-sis.jp\/?page_id=3198&lang=pt","title":{"rendered":"importar\/exportar"},"content":{"rendered":"\n<figure class=\"wp-block-gallery has-nested-images columns-default is-cropped wp-block-gallery-1 is-layout-flex wp-block-gallery-is-layout-flex\">\n<figure class=\"wp-block-image size-large\"><img loading=\"lazy\" decoding=\"async\" width=\"1024\" height=\"640\" data-id=\"387\" src=\"https:\/\/bro-sis.jp\/wp-content\/uploads\/2020\/07\/VAN3pepl-1024x640.jpg\" alt=\"\" class=\"wp-image-387\" srcset=\"https:\/\/bro-sis.jp\/wp-content\/uploads\/2020\/07\/VAN3pepl-1024x640.jpg 1024w, https:\/\/bro-sis.jp\/wp-content\/uploads\/2020\/07\/VAN3pepl-300x188.jpg 300w, https:\/\/bro-sis.jp\/wp-content\/uploads\/2020\/07\/VAN3pepl-768x480.jpg 768w, https:\/\/bro-sis.jp\/wp-content\/uploads\/2020\/07\/VAN3pepl.jpg 1400w\" sizes=\"(max-width: 1024px) 100vw, 1024px\" \/><\/figure>\n<\/figure>\n\n\n\n<p class=\"has-text-align-center header-top\"><br><\/p>\n\n\n\n<p><\/p>\n\n\n\n<div class=\"wp-block-columns header-top is-layout-flex wp-container-core-columns-is-layout-1 wp-block-columns-is-layout-flex\">\n<div class=\"wp-block-column is-layout-flow wp-block-column-is-layout-flow\" style=\"flex-basis:55%\">\n<figure class=\"wp-block-gallery has-nested-images columns-default is-cropped wp-block-gallery-2 is-layout-flex wp-block-gallery-is-layout-flex\">\n<figure class=\"wp-block-image size-large\"><img loading=\"lazy\" decoding=\"async\" width=\"1000\" height=\"750\" src=\"https:\/\/bro-sis.jp\/wp-content\/uploads\/2020\/07\/cars.jpg\" alt=\"\" class=\"wp-image-356\" srcset=\"https:\/\/bro-sis.jp\/wp-content\/uploads\/2020\/07\/cars.jpg 1000w, https:\/\/bro-sis.jp\/wp-content\/uploads\/2020\/07\/cars-300x225.jpg 300w, https:\/\/bro-sis.jp\/wp-content\/uploads\/2020\/07\/cars-768x576.jpg 768w\" sizes=\"(max-width: 1000px) 100vw, 1000px\" \/><\/figure>\n<\/figure>\n<\/div>\n\n\n\n<div class=\"wp-block-column is-layout-flow wp-block-column-is-layout-flow\" style=\"flex-basis:66.66%\">\n<h3 class=\"wp-block-heading\"><strong><strong>importar<\/strong><\/strong><\/h3>\n\n\n\n<p>Importa\u00e7\u00e3o: Apoiamos a importa\u00e7\u00e3o de todos os tipos de necessidades di\u00e1rias, produtos de hobby, equipamentos OA, impressoras 3D, equipamentos industriais, roupas e itens de moda da China, onde a compra \u00e9 barata. Iremos at\u00e9 apresent\u00e1-lo a empreiteiros e condutores locais. Quero vend\u00ea-lo no Jap\u00e3o, mas n\u00e3o sei como import\u00e1-lo da China. Podemos apoiar essas pessoas.<\/p>\n\n\n\n<p>Organizar o desembara\u00e7o aduaneiro e o transporte de cargas que chegam ao Jap\u00e3o. Suporte para defini\u00e7\u00e3o de condi\u00e7\u00f5es de pagamento.<\/p>\n\n\n\n<p>Inspe\u00e7\u00e3o no local e introdu\u00e7\u00e3o na f\u00e1brica. Apresentaremos fornecedores em regi\u00f5es espec\u00edficas para cada produto, pois cada produto tem sua especialidade em diferentes regi\u00f5es.<\/p>\n\n\n\n<p><br><\/p>\n<\/div>\n<\/div>\n\n\n\n<div class=\"wp-block-columns is-layout-flex wp-container-core-columns-is-layout-2 wp-block-columns-is-layout-flex\">\n<div class=\"wp-block-column sp-img is-layout-flow wp-block-column-is-layout-flow\" style=\"flex-basis:55%\">\n<figure class=\"wp-block-gallery has-nested-images columns-default is-cropped wp-block-gallery-3 is-layout-flex wp-block-gallery-is-layout-flex\">\n<figure class=\"wp-block-image size-large\"><img loading=\"lazy\" decoding=\"async\" width=\"1024\" height=\"683\" src=\"https:\/\/bro-sis.jp\/wp-content\/uploads\/2020\/09\/IMG_1053-1024x683.jpg\" alt=\"\" class=\"wp-image-550\" srcset=\"https:\/\/bro-sis.jp\/wp-content\/uploads\/2020\/09\/IMG_1053-1024x683.jpg 1024w, https:\/\/bro-sis.jp\/wp-content\/uploads\/2020\/09\/IMG_1053-300x200.jpg 300w, https:\/\/bro-sis.jp\/wp-content\/uploads\/2020\/09\/IMG_1053-768x512.jpg 768w, https:\/\/bro-sis.jp\/wp-content\/uploads\/2020\/09\/IMG_1053-1536x1024.jpg 1536w, https:\/\/bro-sis.jp\/wp-content\/uploads\/2020\/09\/IMG_1053-2048x1365.jpg 2048w\" sizes=\"(max-width: 1024px) 100vw, 1024px\" \/><\/figure>\n<\/figure>\n<\/div>\n\n\n\n<div class=\"wp-block-column is-layout-flow wp-block-column-is-layout-flow\" style=\"flex-basis:66.66%\">\n<h3 class=\"wp-block-heading\"><strong><strong>exportar<\/strong><\/strong><\/h3>\n\n\n\n<p>Exportar: Quero exportar produtos japoneses ou itens pessoais para o exterior. N\u00f3s apoiamos voc\u00ea, n\u00e3o importa o que aconte\u00e7a.<\/p>\n\n\n\n<p>Desembara\u00e7o aduaneiro no Jap\u00e3o, organiza\u00e7\u00e3o de transporte, gerenciamento de armazenamento em portos, organiza\u00e7\u00e3o de cont\u00eaineres, remessa, emiss\u00e3o de fatura (conhecimento de embarque), emiss\u00e3o de BL (conhecimento de embarque)<\/p>\n\n\n\n<p>Aceita\u00e7\u00e3o local e introdu\u00e7\u00e3o de fornecedores. Introdu\u00e7\u00e3o de compradores locais.<\/p>\n\n\n\n<p><br><\/p>\n<\/div>\n<\/div>\n\n\n\n<div class=\"wp-block-columns is-layout-flex wp-container-core-columns-is-layout-3 wp-block-columns-is-layout-flex\">\n<div class=\"wp-block-column is-layout-flow wp-block-column-is-layout-flow\" style=\"flex-basis:66.66%\"><\/div>\n\n\n\n<div class=\"wp-block-column is-layout-flow wp-block-column-is-layout-flow\" style=\"flex-basis:55%\"><\/div>\n<\/div>\n\n\n\n<p><\/p>\n\n\n\n<h2 class=\"wp-block-heading has-text-align-center header-top\" style=\"line-height:2.5\"><\/h2>\n\n\n\n<div class=\"wp-block-columns header-top is-layout-flex wp-container-core-columns-is-layout-4 wp-block-columns-is-layout-flex\"><\/div>\n<div class=\"veu_socialSet veu_socialSet-position-after veu_contentAddSection\"><script>window.twttr=(function(d,s,id){var js,fjs=d.getElementsByTagName(s)[0],t=window.twttr||{};if(d.getElementById(id))return t;js=d.createElement(s);js.id=id;js.src=\"https:\/\/platform.twitter.com\/widgets.js\";fjs.parentNode.insertBefore(js,fjs);t._e=[];t.ready=function(f){t._e.push(f);};return t;}(document,\"script\",\"twitter-wjs\"));<\/script><ul><\/ul><\/div><!-- [ \/.socialSet ] -->","protected":false},"excerpt":{"rendered":"<p>importar Importa\u00e7\u00e3o: Apoiamos a importa\u00e7\u00e3o de todos os tipos de necessidades di\u00e1rias, produtos de hobby, equip [&hellip;]<\/p>\n","protected":false},"author":1,"featured_media":0,"parent":0,"menu_order":0,"comment_status":"closed","ping_status":"closed","template":"","meta":{"footnotes":""},"aioseo_notices":[],"_links":{"self":[{"href":"https:\/\/bro-sis.jp\/index.php?rest_route=\/wp\/v2\/pages\/3198"}],"collection":[{"href":"https:\/\/bro-sis.jp\/index.php?rest_route=\/wp\/v2\/pages"}],"about":[{"href":"https:\/\/bro-sis.jp\/index.php?rest_route=\/wp\/v2\/types\/page"}],"author":[{"embeddable":true,"href":"https:\/\/bro-sis.jp\/index.php?rest_route=\/wp\/v2\/users\/1"}],"replies":[{"embeddable":true,"href":"https:\/\/bro-sis.jp\/index.php?rest_route=%2Fwp%2Fv2%2Fcomments&post=3198"}],"version-history":[{"count":2,"href":"https:\/\/bro-sis.jp\/index.php?rest_route=\/wp\/v2\/pages\/3198\/revisions"}],"predecessor-version":[{"id":3498,"href":"https:\/\/bro-sis.jp\/index.php?rest_route=\/wp\/v2\/pages\/3198\/revisions\/3498"}],"wp:attachment":[{"href":"https:\/\/bro-sis.jp\/index.php?rest_route=%2Fwp%2Fv2%2Fmedia&parent=3198"}],"curies":[{"name":"wp","href":"https:\/\/api.w.org\/{rel}","templated":true}]}}