{"id":3202,"date":"2024-11-07T15:47:34","date_gmt":"2024-11-07T06:47:34","guid":{"rendered":"https:\/\/bro-sis.jp\/?page_id=3202"},"modified":"2024-11-12T10:54:58","modified_gmt":"2024-11-12T01:54:58","slug":"%e3%82%a2%e3%82%a6%e3%83%88%e3%83%89%e3%82%a2%e3%82%b0%e3%83%83%e3%82%ba-espanol","status":"publish","type":"page","link":"https:\/\/bro-sis.jp\/?page_id=3202&lang=es","title":{"rendered":"productos al aire libre"},"content":{"rendered":"\n<h3 class=\"wp-block-heading has-text-align-center\"><\/h3>\n\n\n\n<figure class=\"wp-block-gallery alignwide has-nested-images columns-default is-cropped wp-block-gallery-1 is-layout-flex wp-block-gallery-is-layout-flex\">\n<figure class=\"wp-block-image size-large\"><img loading=\"lazy\" decoding=\"async\" width=\"1024\" height=\"683\" data-id=\"391\" src=\"https:\/\/bro-sis.jp\/wp-content\/uploads\/2020\/07\/\u30b0\u30c3\u30ba\uff14-1024x683.jpg\" alt=\"\" class=\"wp-image-391\" srcset=\"https:\/\/bro-sis.jp\/wp-content\/uploads\/2020\/07\/\u30b0\u30c3\u30ba\uff14-1024x683.jpg 1024w, https:\/\/bro-sis.jp\/wp-content\/uploads\/2020\/07\/\u30b0\u30c3\u30ba\uff14-300x200.jpg 300w, https:\/\/bro-sis.jp\/wp-content\/uploads\/2020\/07\/\u30b0\u30c3\u30ba\uff14-768x512.jpg 768w, https:\/\/bro-sis.jp\/wp-content\/uploads\/2020\/07\/\u30b0\u30c3\u30ba\uff14.jpg 1350w\" sizes=\"(max-width: 1024px) 100vw, 1024px\" \/><\/figure>\n<figcaption class=\"blocks-gallery-caption wp-element-caption\">*La foto es una imagen. Puede diferir del producto real.<\/figcaption><\/figure>\n\n\n\n<h3 class=\"wp-block-heading has-text-align-center\">\u00a1Los productos son esenciales para animar tu estado de \u00e1nimo!<br>\u00a1Los elegantes art\u00edculos para exteriores seguramente te har\u00e1n sentir a\u00fan m\u00e1s renovado!<\/h3>\n\n\n\n<p><\/p>\n\n\n\n<p><\/p>\n\n\n\n<h2 class=\"wp-block-heading has-text-align-center header-top\"><strong><strong>alquiler de art\u00edculos al aire libre<\/strong><\/strong><\/h2>\n\n\n\n<figure class=\"wp-block-table\"><table><tbody><tr><td><\/td><td><\/td><td class=\"has-text-align-right\" data-align=\"right\">precio<\/td><td class=\"has-text-align-right\" data-align=\"right\">Seguidores de Facebook\/Insta<\/td><td class=\"has-text-align-right\" data-align=\"right\">Gran valor<\/td><\/tr><tr><td>productos al aire libre<\/td><td><br>Conjunto de campamento (para hasta 5 personas)<\/td><td class=\"has-text-align-right\" data-align=\"right\">5000<\/td><td class=\"has-text-align-right\" data-align=\"right\">3750<\/td><td class=\"has-text-align-right\" data-align=\"right\">-1250<\/td><\/tr><tr><td><\/td><td>Conjunto de campamento (para hasta 3 personas)<\/td><td class=\"has-text-align-right\" data-align=\"right\">4200<\/td><td class=\"has-text-align-right\" data-align=\"right\">3150<\/td><td class=\"has-text-align-right\" data-align=\"right\">-1050<\/td><\/tr><tr><td><\/td><td>Conjunto de SUP (para 1 persona)<\/td><td class=\"has-text-align-right\" data-align=\"right\">2500<\/td><td class=\"has-text-align-right\" data-align=\"right\">1875<\/td><td class=\"has-text-align-right\" data-align=\"right\">-625<\/td><\/tr><tr><td><\/td><td>Conjunto de SURF (para 1 persona)<\/td><td class=\"has-text-align-right\" data-align=\"right\">2500<\/td><td class=\"has-text-align-right\" data-align=\"right\">1875<\/td><td class=\"has-text-align-right\" data-align=\"right\">-625<\/td><\/tr><tr><td><\/td><td>Set de PESCA (para 1 persona)<\/td><td class=\"has-text-align-right\" data-align=\"right\">1300<\/td><td class=\"has-text-align-right\" data-align=\"right\">1000<\/td><td class=\"has-text-align-right\" data-align=\"right\">-300<\/td><\/tr><tr><td><\/td><td>c\u00e1mara r\u00e9flex de lente \u00fanica<\/td><td class=\"has-text-align-right\" data-align=\"right\">2000<\/td><td class=\"has-text-align-right\" data-align=\"right\">1500<\/td><td class=\"has-text-align-right\" data-align=\"right\">-500<\/td><\/tr><tr><td><\/td><td>C\u00e1mara submarina con funci\u00f3n de v\u00eddeo.<\/td><td class=\"has-text-align-right\" data-align=\"right\">2000<\/td><td class=\"has-text-align-right\" data-align=\"right\">1500<\/td><td class=\"has-text-align-right\" data-align=\"right\">-500<\/td><\/tr><\/tbody><\/table><\/figure>\n\n\n\n<p>\u2605El equipo de campamento incluye tienda de campa\u00f1a, lona, \u200b\u200bsaco de dormir, agua, olla, pan, estufa x 2, mesa, sillas, vajilla, cuchillo, etc.<\/p>\n\n\n\n<p>\u2605SUP incluye tabla, aletas, remo, bomba de aire, agua, caja, informaci\u00f3n de puntos, libro de reglas<\/p>\n\n\n\n<p>\u2605SURF incluye tabla, aletas, cord\u00f3n de correa, agua, BOX, informaci\u00f3n de puntos y libro de reglas.<\/p>\n\n\n\n<p>\u2605PESCA incluye ca\u00f1as, carretes, se\u00f1uelos, cajas de herramientas, hieleras e informaci\u00f3n de puntos.<\/p>\n\n\n\n<p>\u2605Las fotos tomadas con una c\u00e1mara r\u00e9flex de objetivo \u00fanico se enviar\u00e1n al cliente de forma gratuita en una fecha posterior.<\/p>\n\n\n\n<p>\u2605Las fotos tomadas con una c\u00e1mara subacu\u00e1tica se enviar\u00e1n al cliente de forma gratuita en una fecha posterior.<\/p>\n\n\n\n<p><\/p>\n\n\n\n<h2 class=\"wp-block-heading has-text-align-center header-top\" style=\"line-height:2.5\">\u00a1\u00a1Disfrutemos!!<\/h2>\n\n\n\n<div class=\"wp-block-columns header-top is-layout-flex wp-container-core-columns-is-layout-1 wp-block-columns-is-layout-flex\">\n<div class=\"wp-block-column is-layout-flow wp-block-column-is-layout-flow\">\n<h3 class=\"wp-block-heading has-text-align-center\">ACAMPAR<\/h3>\n\n\n\n<figure class=\"wp-block-gallery has-nested-images columns-default is-cropped wp-block-gallery-2 is-layout-flex wp-block-gallery-is-layout-flex\">\n<figure class=\"wp-block-image size-large\"><img loading=\"lazy\" decoding=\"async\" width=\"1024\" height=\"683\" src=\"https:\/\/bro-sis.jp\/wp-content\/uploads\/2020\/07\/\u30b0\u30c3\u30ba\uff14-1024x683.jpg\" alt=\"\" class=\"wp-image-391\" srcset=\"https:\/\/bro-sis.jp\/wp-content\/uploads\/2020\/07\/\u30b0\u30c3\u30ba\uff14-1024x683.jpg 1024w, https:\/\/bro-sis.jp\/wp-content\/uploads\/2020\/07\/\u30b0\u30c3\u30ba\uff14-300x200.jpg 300w, https:\/\/bro-sis.jp\/wp-content\/uploads\/2020\/07\/\u30b0\u30c3\u30ba\uff14-768x512.jpg 768w, https:\/\/bro-sis.jp\/wp-content\/uploads\/2020\/07\/\u30b0\u30c3\u30ba\uff14.jpg 1350w\" sizes=\"(max-width: 1024px) 100vw, 1024px\" \/><\/figure>\n<\/figure>\n\n\n\n<p><\/p>\n<\/div>\n\n\n\n<div class=\"wp-block-column is-layout-flow wp-block-column-is-layout-flow\">\n<h3 class=\"wp-block-heading has-text-align-center\">SURF<\/h3>\n\n\n\n<figure class=\"wp-block-gallery has-nested-images columns-default is-cropped wp-block-gallery-3 is-layout-flex wp-block-gallery-is-layout-flex\">\n<figure class=\"wp-block-image size-large\"><img loading=\"lazy\" decoding=\"async\" width=\"1024\" height=\"681\" src=\"https:\/\/bro-sis.jp\/wp-content\/uploads\/2020\/06\/IMG_9853-1-1024x681.jpg\" alt=\"\" class=\"wp-image-152\" srcset=\"https:\/\/bro-sis.jp\/wp-content\/uploads\/2020\/06\/IMG_9853-1-1024x681.jpg 1024w, https:\/\/bro-sis.jp\/wp-content\/uploads\/2020\/06\/IMG_9853-1-300x200.jpg 300w, https:\/\/bro-sis.jp\/wp-content\/uploads\/2020\/06\/IMG_9853-1-768x511.jpg 768w, https:\/\/bro-sis.jp\/wp-content\/uploads\/2020\/06\/IMG_9853-1-1536x1022.jpg 1536w, https:\/\/bro-sis.jp\/wp-content\/uploads\/2020\/06\/IMG_9853-1.jpg 1936w\" sizes=\"(max-width: 1024px) 100vw, 1024px\" \/><\/figure>\n<\/figure>\n\n\n\n<p><\/p>\n<\/div>\n\n\n\n<div class=\"wp-block-column is-layout-flow wp-block-column-is-layout-flow\">\n<h3 class=\"wp-block-heading has-text-align-center\">PESCA<\/h3>\n\n\n\n<figure class=\"wp-block-gallery has-nested-images columns-default is-cropped wp-block-gallery-4 is-layout-flex wp-block-gallery-is-layout-flex\">\n<figure class=\"wp-block-image size-large\"><img loading=\"lazy\" decoding=\"async\" width=\"1024\" height=\"683\" src=\"https:\/\/bro-sis.jp\/wp-content\/uploads\/2020\/07\/fishing-1024x683.jpeg\" alt=\"\" class=\"wp-image-471\" srcset=\"https:\/\/bro-sis.jp\/wp-content\/uploads\/2020\/07\/fishing-1024x683.jpeg 1024w, https:\/\/bro-sis.jp\/wp-content\/uploads\/2020\/07\/fishing-300x200.jpeg 300w, https:\/\/bro-sis.jp\/wp-content\/uploads\/2020\/07\/fishing-768x512.jpeg 768w, https:\/\/bro-sis.jp\/wp-content\/uploads\/2020\/07\/fishing-1536x1024.jpeg 1536w, https:\/\/bro-sis.jp\/wp-content\/uploads\/2020\/07\/fishing-2048x1365.jpeg 2048w\" sizes=\"(max-width: 1024px) 100vw, 1024px\" \/><\/figure>\n<\/figure>\n\n\n\n<p><\/p>\n<\/div>\n<\/div>\n\n\n\n<p><\/p>\n<div class=\"veu_socialSet veu_socialSet-position-after veu_contentAddSection\"><script>window.twttr=(function(d,s,id){var js,fjs=d.getElementsByTagName(s)[0],t=window.twttr||{};if(d.getElementById(id))return t;js=d.createElement(s);js.id=id;js.src=\"https:\/\/platform.twitter.com\/widgets.js\";fjs.parentNode.insertBefore(js,fjs);t._e=[];t.ready=function(f){t._e.push(f);};return t;}(document,\"script\",\"twitter-wjs\"));<\/script><ul><\/ul><\/div><!-- [ \/.socialSet ] -->","protected":false},"excerpt":{"rendered":"<p>\u00a1Los productos son esenciales para animar tu estado de \u00e1nimo!\u00a1Los elegantes art\u00edculos para exteriores segurame [&hellip;]<\/p>\n","protected":false},"author":1,"featured_media":0,"parent":0,"menu_order":0,"comment_status":"closed","ping_status":"closed","template":"","meta":{"footnotes":""},"aioseo_notices":[],"_links":{"self":[{"href":"https:\/\/bro-sis.jp\/index.php?rest_route=\/wp\/v2\/pages\/3202"}],"collection":[{"href":"https:\/\/bro-sis.jp\/index.php?rest_route=\/wp\/v2\/pages"}],"about":[{"href":"https:\/\/bro-sis.jp\/index.php?rest_route=\/wp\/v2\/types\/page"}],"author":[{"embeddable":true,"href":"https:\/\/bro-sis.jp\/index.php?rest_route=\/wp\/v2\/users\/1"}],"replies":[{"embeddable":true,"href":"https:\/\/bro-sis.jp\/index.php?rest_route=%2Fwp%2Fv2%2Fcomments&post=3202"}],"version-history":[{"count":2,"href":"https:\/\/bro-sis.jp\/index.php?rest_route=\/wp\/v2\/pages\/3202\/revisions"}],"predecessor-version":[{"id":3478,"href":"https:\/\/bro-sis.jp\/index.php?rest_route=\/wp\/v2\/pages\/3202\/revisions\/3478"}],"wp:attachment":[{"href":"https:\/\/bro-sis.jp\/index.php?rest_route=%2Fwp%2Fv2%2Fmedia&parent=3202"}],"curies":[{"name":"wp","href":"https:\/\/api.w.org\/{rel}","templated":true}]}}