{"id":3204,"date":"2024-11-07T15:47:34","date_gmt":"2024-11-07T06:47:34","guid":{"rendered":"https:\/\/bro-sis.jp\/?page_id=3204"},"modified":"2024-11-12T11:01:48","modified_gmt":"2024-11-12T02:01:48","slug":"%e3%82%a2%e3%82%a6%e3%83%88%e3%83%89%e3%82%a2%e3%82%b0%e3%83%83%e3%82%ba-portugues","status":"publish","type":"page","link":"https:\/\/bro-sis.jp\/?page_id=3204&lang=pt","title":{"rendered":"bens ao ar livre"},"content":{"rendered":"\n<h3 class=\"wp-block-heading has-text-align-center\"><\/h3>\n\n\n\n<figure class=\"wp-block-gallery alignwide has-nested-images columns-default is-cropped wp-block-gallery-1 is-layout-flex wp-block-gallery-is-layout-flex\">\n<figure class=\"wp-block-image size-large\"><img loading=\"lazy\" decoding=\"async\" width=\"1024\" height=\"683\" data-id=\"391\" src=\"https:\/\/bro-sis.jp\/wp-content\/uploads\/2020\/07\/\u30b0\u30c3\u30ba\uff14-1024x683.jpg\" alt=\"\" class=\"wp-image-391\" srcset=\"https:\/\/bro-sis.jp\/wp-content\/uploads\/2020\/07\/\u30b0\u30c3\u30ba\uff14-1024x683.jpg 1024w, https:\/\/bro-sis.jp\/wp-content\/uploads\/2020\/07\/\u30b0\u30c3\u30ba\uff14-300x200.jpg 300w, https:\/\/bro-sis.jp\/wp-content\/uploads\/2020\/07\/\u30b0\u30c3\u30ba\uff14-768x512.jpg 768w, https:\/\/bro-sis.jp\/wp-content\/uploads\/2020\/07\/\u30b0\u30c3\u30ba\uff14.jpg 1350w\" sizes=\"(max-width: 1024px) 100vw, 1024px\" \/><\/figure>\n<figcaption class=\"blocks-gallery-caption wp-element-caption\">*A foto \u00e9 uma imagem. Pode ser diferente do produto real.<\/figcaption><\/figure>\n\n\n\n<h3 class=\"wp-block-heading has-text-align-center\">Os bens s\u00e3o essenciais para animar o seu humor!<br>Produtos elegantes para atividades ao ar livre certamente far\u00e3o voc\u00ea se sentir ainda mais revigorado!<\/h3>\n\n\n\n<p><\/p>\n\n\n\n<p><\/p>\n\n\n\n<h2 class=\"wp-block-heading has-text-align-center header-top\"><strong><strong>aluguel de artigos para atividades ao ar livre<\/strong><\/strong><\/h2>\n\n\n\n<figure class=\"wp-block-table\"><table><tbody><tr><td><\/td><td><\/td><td class=\"has-text-align-right\" data-align=\"right\">pre\u00e7o<\/td><td class=\"has-text-align-right\" data-align=\"right\">Seguidores do Facebook\/Insta<\/td><td class=\"has-text-align-right\" data-align=\"right\">\u00d3timo valor<\/td><\/tr><tr><td>bens ao ar livre<\/td><td>Conjunto de acampamento (para at\u00e9 5 pessoas)<\/td><td class=\"has-text-align-right\" data-align=\"right\">5000<\/td><td class=\"has-text-align-right\" data-align=\"right\">3750<\/td><td class=\"has-text-align-right\" data-align=\"right\">-1250<\/td><\/tr><tr><td><\/td><td>Conjunto de acampamento (para at\u00e9 3 pessoas)<\/td><td class=\"has-text-align-right\" data-align=\"right\">4200<\/td><td class=\"has-text-align-right\" data-align=\"right\">3150<\/td><td class=\"has-text-align-right\" data-align=\"right\">-1050<\/td><\/tr><tr><td><\/td><td>Conjunto SUP (para 1 pessoa)<\/td><td class=\"has-text-align-right\" data-align=\"right\">2500<\/td><td class=\"has-text-align-right\" data-align=\"right\">1875<\/td><td class=\"has-text-align-right\" data-align=\"right\">-625<\/td><\/tr><tr><td><\/td><td>Conjunto SURFING (para 1 pessoa)<\/td><td class=\"has-text-align-right\" data-align=\"right\">2500<\/td><td class=\"has-text-align-right\" data-align=\"right\">1875<\/td><td class=\"has-text-align-right\" data-align=\"right\">-625<\/td><\/tr><tr><td><\/td><td>Conjunto de PESCA (para 1 pessoa)<\/td><td class=\"has-text-align-right\" data-align=\"right\">1300<\/td><td class=\"has-text-align-right\" data-align=\"right\">1000<\/td><td class=\"has-text-align-right\" data-align=\"right\">-300<\/td><\/tr><tr><td><\/td><td>c\u00e2mera reflex de lente \u00fanica<\/td><td class=\"has-text-align-right\" data-align=\"right\">2000<\/td><td class=\"has-text-align-right\" data-align=\"right\">1500<\/td><td class=\"has-text-align-right\" data-align=\"right\">-500<\/td><\/tr><tr><td><\/td><td>c\u00e2mera reflex de lente \u00fanica<\/td><td class=\"has-text-align-right\" data-align=\"right\">2000<\/td><td class=\"has-text-align-right\" data-align=\"right\">1500<\/td><td class=\"has-text-align-right\" data-align=\"right\">-500<\/td><\/tr><\/tbody><\/table><\/figure>\n\n\n\n<p>\u2605O equipamento de acampamento inclui barraca, lona, \u200b\u200bsaco de dormir, \u00e1gua, panela, p\u00e3o, fog\u00e3o x 2, mesa, cadeiras, talheres, faca, etc.<\/p>\n\n\n\n<p>\u2605SUP inclui prancha, nadadeiras, remo, bomba de ar, \u00e1gua, caixa, informa\u00e7\u00f5es de pontos, livro de regras<\/p>\n\n\n\n<p>\u2605SURFING inclui prancha, nadadeiras, leash cord, \u00e1gua, BOX, informa\u00e7\u00f5es de pontos e livro de regras.<\/p>\n\n\n\n<p>\u2605 PESCA inclui varas, molinetes, iscas, caixas de ferramentas, caixas t\u00e9rmicas e informa\u00e7\u00f5es de pontos.<\/p>\n\n\n\n<p>\u2605Fotos tiradas com uma c\u00e2mera reflex de lente \u00fanica ser\u00e3o enviadas ao cliente gratuitamente em uma data posterior.<\/p>\n\n\n\n<p>\u2605As fotos tiradas com uma c\u00e2mera subaqu\u00e1tica ser\u00e3o enviadas ao cliente gratuitamente posteriormente.<\/p>\n\n\n\n<p><\/p>\n\n\n\n<h2 class=\"wp-block-heading has-text-align-center header-top\" style=\"line-height:2.5\">Vamos aproveitar!!<\/h2>\n\n\n\n<div class=\"wp-block-columns header-top is-layout-flex wp-container-core-columns-is-layout-1 wp-block-columns-is-layout-flex\">\n<div class=\"wp-block-column is-layout-flow wp-block-column-is-layout-flow\">\n<h3 class=\"wp-block-heading has-text-align-center\">ACAMPAR<\/h3>\n\n\n\n<figure class=\"wp-block-gallery has-nested-images columns-default is-cropped wp-block-gallery-2 is-layout-flex wp-block-gallery-is-layout-flex\">\n<figure class=\"wp-block-image size-large\"><img loading=\"lazy\" decoding=\"async\" width=\"1024\" height=\"683\" src=\"https:\/\/bro-sis.jp\/wp-content\/uploads\/2020\/07\/\u30b0\u30c3\u30ba\uff14-1024x683.jpg\" alt=\"\" class=\"wp-image-391\" srcset=\"https:\/\/bro-sis.jp\/wp-content\/uploads\/2020\/07\/\u30b0\u30c3\u30ba\uff14-1024x683.jpg 1024w, https:\/\/bro-sis.jp\/wp-content\/uploads\/2020\/07\/\u30b0\u30c3\u30ba\uff14-300x200.jpg 300w, https:\/\/bro-sis.jp\/wp-content\/uploads\/2020\/07\/\u30b0\u30c3\u30ba\uff14-768x512.jpg 768w, https:\/\/bro-sis.jp\/wp-content\/uploads\/2020\/07\/\u30b0\u30c3\u30ba\uff14.jpg 1350w\" sizes=\"(max-width: 1024px) 100vw, 1024px\" \/><\/figure>\n<\/figure>\n\n\n\n<p><\/p>\n<\/div>\n\n\n\n<div class=\"wp-block-column is-layout-flow wp-block-column-is-layout-flow\">\n<h3 class=\"wp-block-heading has-text-align-center\">SURFAR<\/h3>\n\n\n\n<figure class=\"wp-block-gallery has-nested-images columns-default is-cropped wp-block-gallery-3 is-layout-flex wp-block-gallery-is-layout-flex\">\n<figure class=\"wp-block-image size-large\"><img loading=\"lazy\" decoding=\"async\" width=\"1024\" height=\"681\" src=\"https:\/\/bro-sis.jp\/wp-content\/uploads\/2020\/06\/IMG_9853-1-1024x681.jpg\" alt=\"\" class=\"wp-image-152\" srcset=\"https:\/\/bro-sis.jp\/wp-content\/uploads\/2020\/06\/IMG_9853-1-1024x681.jpg 1024w, https:\/\/bro-sis.jp\/wp-content\/uploads\/2020\/06\/IMG_9853-1-300x200.jpg 300w, https:\/\/bro-sis.jp\/wp-content\/uploads\/2020\/06\/IMG_9853-1-768x511.jpg 768w, https:\/\/bro-sis.jp\/wp-content\/uploads\/2020\/06\/IMG_9853-1-1536x1022.jpg 1536w, https:\/\/bro-sis.jp\/wp-content\/uploads\/2020\/06\/IMG_9853-1.jpg 1936w\" sizes=\"(max-width: 1024px) 100vw, 1024px\" \/><\/figure>\n<\/figure>\n\n\n\n<p><\/p>\n<\/div>\n\n\n\n<div class=\"wp-block-column is-layout-flow wp-block-column-is-layout-flow\">\n<h3 class=\"wp-block-heading has-text-align-center\">PESCA<\/h3>\n\n\n\n<figure class=\"wp-block-gallery has-nested-images columns-default is-cropped wp-block-gallery-4 is-layout-flex wp-block-gallery-is-layout-flex\">\n<figure class=\"wp-block-image size-large\"><img loading=\"lazy\" decoding=\"async\" width=\"1024\" height=\"683\" src=\"https:\/\/bro-sis.jp\/wp-content\/uploads\/2020\/07\/fishing-1024x683.jpeg\" alt=\"\" class=\"wp-image-471\" srcset=\"https:\/\/bro-sis.jp\/wp-content\/uploads\/2020\/07\/fishing-1024x683.jpeg 1024w, https:\/\/bro-sis.jp\/wp-content\/uploads\/2020\/07\/fishing-300x200.jpeg 300w, https:\/\/bro-sis.jp\/wp-content\/uploads\/2020\/07\/fishing-768x512.jpeg 768w, https:\/\/bro-sis.jp\/wp-content\/uploads\/2020\/07\/fishing-1536x1024.jpeg 1536w, https:\/\/bro-sis.jp\/wp-content\/uploads\/2020\/07\/fishing-2048x1365.jpeg 2048w\" sizes=\"(max-width: 1024px) 100vw, 1024px\" \/><\/figure>\n<\/figure>\n\n\n\n<p><\/p>\n<\/div>\n<\/div>\n\n\n\n<p><\/p>\n<div class=\"veu_socialSet veu_socialSet-position-after veu_contentAddSection\"><script>window.twttr=(function(d,s,id){var js,fjs=d.getElementsByTagName(s)[0],t=window.twttr||{};if(d.getElementById(id))return t;js=d.createElement(s);js.id=id;js.src=\"https:\/\/platform.twitter.com\/widgets.js\";fjs.parentNode.insertBefore(js,fjs);t._e=[];t.ready=function(f){t._e.push(f);};return t;}(document,\"script\",\"twitter-wjs\"));<\/script><ul><\/ul><\/div><!-- [ \/.socialSet ] -->","protected":false},"excerpt":{"rendered":"<p>Os bens s\u00e3o essenciais para animar o seu humor!Produtos elegantes para atividades ao ar livre certamente far\u00e3o [&hellip;]<\/p>\n","protected":false},"author":1,"featured_media":0,"parent":0,"menu_order":0,"comment_status":"closed","ping_status":"closed","template":"","meta":{"footnotes":""},"aioseo_notices":[],"_links":{"self":[{"href":"https:\/\/bro-sis.jp\/index.php?rest_route=\/wp\/v2\/pages\/3204"}],"collection":[{"href":"https:\/\/bro-sis.jp\/index.php?rest_route=\/wp\/v2\/pages"}],"about":[{"href":"https:\/\/bro-sis.jp\/index.php?rest_route=\/wp\/v2\/types\/page"}],"author":[{"embeddable":true,"href":"https:\/\/bro-sis.jp\/index.php?rest_route=\/wp\/v2\/users\/1"}],"replies":[{"embeddable":true,"href":"https:\/\/bro-sis.jp\/index.php?rest_route=%2Fwp%2Fv2%2Fcomments&post=3204"}],"version-history":[{"count":2,"href":"https:\/\/bro-sis.jp\/index.php?rest_route=\/wp\/v2\/pages\/3204\/revisions"}],"predecessor-version":[{"id":3488,"href":"https:\/\/bro-sis.jp\/index.php?rest_route=\/wp\/v2\/pages\/3204\/revisions\/3488"}],"wp:attachment":[{"href":"https:\/\/bro-sis.jp\/index.php?rest_route=%2Fwp%2Fv2%2Fmedia&parent=3204"}],"curies":[{"name":"wp","href":"https:\/\/api.w.org\/{rel}","templated":true}]}}