{"id":3423,"date":"2021-05-16T00:13:26","date_gmt":"2021-05-15T15:13:26","guid":{"rendered":"https:\/\/bro-sis.jp\/?page_id=3423"},"modified":"2024-11-12T11:00:49","modified_gmt":"2024-11-12T02:00:49","slug":"blaze-smart-ev-%e3%83%9d%e3%83%ab%e3%83%88%e3%82%ac%e3%83%ab-2","status":"publish","type":"page","link":"https:\/\/bro-sis.jp\/?page_id=3423&lang=pt","title":{"rendered":"BLAZE SMART EV"},"content":{"rendered":"\n<figure class=\"wp-block-image\"><img decoding=\"async\" src=\"https:\/\/portal.blaze-inc.co.jp\/smartev\/asset\/images\/home\/style_p01.png\" alt=\"\u00d3timo para um passeio curto! BLAZE SMART EV, uma bicicleta el\u00e9trica dobr\u00e1vel\"\/><\/figure>\n\n\n\n<p>BLAZE SMART EV \u00e9 uma bicicleta el\u00e9trica dobr\u00e1vel.<br>Ao dobr\u00e1-lo, voc\u00ea pode guard\u00e1-lo facilmente no carro e tamb\u00e9m \u00e9 f\u00e1cil de transportar!<br>Equipado com uma bateria de \u00edons de l\u00edtio de alta capacidade, pode subir colinas suavemente. Ele pode viajar cerca de 30 km com uma \u00fanica carga em uma tomada dom\u00e9stica, por isso \u00e9 perfeito para passeios curtos! F\u00e1cil de possuir.<\/p>\n\n\n\n<p><\/p>\n\n\n\n<figure class=\"wp-block-gallery has-nested-images columns-default is-cropped wp-block-gallery-1 is-layout-flex wp-block-gallery-is-layout-flex\">\n<figure class=\"wp-block-image size-large\"><img loading=\"lazy\" decoding=\"async\" width=\"540\" height=\"740\" data-id=\"1019\" src=\"https:\/\/bro-sis.jp\/wp-content\/uploads\/2021\/05\/p_ev_bk.png\" alt=\"\" class=\"wp-image-1019\" srcset=\"https:\/\/bro-sis.jp\/wp-content\/uploads\/2021\/05\/p_ev_bk.png 540w, https:\/\/bro-sis.jp\/wp-content\/uploads\/2021\/05\/p_ev_bk-219x300.png 219w\" sizes=\"(max-width: 540px) 100vw, 540px\" \/><\/figure>\n\n\n\n<figure class=\"wp-block-image size-large\"><img loading=\"lazy\" decoding=\"async\" width=\"540\" height=\"740\" data-id=\"1023\" src=\"https:\/\/bro-sis.jp\/wp-content\/uploads\/2021\/05\/p_ev_wh.png\" alt=\"\" class=\"wp-image-1023\" srcset=\"https:\/\/bro-sis.jp\/wp-content\/uploads\/2021\/05\/p_ev_wh.png 540w, https:\/\/bro-sis.jp\/wp-content\/uploads\/2021\/05\/p_ev_wh-219x300.png 219w\" sizes=\"(max-width: 540px) 100vw, 540px\" \/><\/figure>\n\n\n\n<figure class=\"wp-block-image size-large\"><img loading=\"lazy\" decoding=\"async\" width=\"540\" height=\"740\" data-id=\"1024\" src=\"https:\/\/bro-sis.jp\/wp-content\/uploads\/2021\/05\/p_ev_wr.png\" alt=\"\" class=\"wp-image-1024\" srcset=\"https:\/\/bro-sis.jp\/wp-content\/uploads\/2021\/05\/p_ev_wr.png 540w, https:\/\/bro-sis.jp\/wp-content\/uploads\/2021\/05\/p_ev_wr-219x300.png 219w\" sizes=\"(max-width: 540px) 100vw, 540px\" \/><\/figure>\n\n\n\n<figure class=\"wp-block-image size-large\"><img loading=\"lazy\" decoding=\"async\" width=\"540\" height=\"740\" data-id=\"1021\" src=\"https:\/\/bro-sis.jp\/wp-content\/uploads\/2021\/05\/p_ev_kh.png\" alt=\"\" class=\"wp-image-1021\" srcset=\"https:\/\/bro-sis.jp\/wp-content\/uploads\/2021\/05\/p_ev_kh.png 540w, https:\/\/bro-sis.jp\/wp-content\/uploads\/2021\/05\/p_ev_kh-219x300.png 219w\" sizes=\"(max-width: 540px) 100vw, 540px\" \/><\/figure>\n\n\n\n<figure class=\"wp-block-image size-large\"><img loading=\"lazy\" decoding=\"async\" width=\"540\" height=\"740\" data-id=\"1022\" src=\"https:\/\/bro-sis.jp\/wp-content\/uploads\/2021\/05\/p_ev_pastel.png\" alt=\"\" class=\"wp-image-1022\" srcset=\"https:\/\/bro-sis.jp\/wp-content\/uploads\/2021\/05\/p_ev_pastel.png 540w, https:\/\/bro-sis.jp\/wp-content\/uploads\/2021\/05\/p_ev_pastel-219x300.png 219w\" sizes=\"(max-width: 540px) 100vw, 540px\" \/><\/figure>\n\n\n\n<figure class=\"wp-block-image size-large\"><img loading=\"lazy\" decoding=\"async\" width=\"540\" height=\"740\" data-id=\"1020\" src=\"https:\/\/bro-sis.jp\/wp-content\/uploads\/2021\/05\/p_ev_denim.png\" alt=\"\" class=\"wp-image-1020\" srcset=\"https:\/\/bro-sis.jp\/wp-content\/uploads\/2021\/05\/p_ev_denim.png 540w, https:\/\/bro-sis.jp\/wp-content\/uploads\/2021\/05\/p_ev_denim-219x300.png 219w\" sizes=\"(max-width: 540px) 100vw, 540px\" \/><\/figure>\n<\/figure>\n\n\n\n<h4 class=\"wp-block-heading\">S\u00e3o 6 cores para voc\u00ea escolher!<br>[Preto\/Branco\/Vinho Tinto\/C\u00e1qui\/Pastel\/Jeans]<\/h4>\n\n\n\n<p><br><\/p>\n\n\n\n<h2 class=\"wp-block-heading\">Peso do ve\u00edculo aproximadamente 18kg!<br>Tem cerca de 1\/4 do peso de uma bicicleta motorizada convencional.<\/h2>\n\n\n\n<p><br><br><br><\/p>\n\n\n\n<div class=\"wp-block-columns is-layout-flex wp-container-core-columns-is-layout-1 wp-block-columns-is-layout-flex\">\n<div class=\"wp-block-column is-layout-flow wp-block-column-is-layout-flow\" style=\"flex-basis:70%\">\n<figure class=\"wp-block-image size-large\"><img loading=\"lazy\" decoding=\"async\" width=\"664\" height=\"482\" src=\"https:\/\/bro-sis.jp\/wp-content\/uploads\/2021\/05\/point02_p01.png\" alt=\"\" class=\"wp-image-1030\" srcset=\"https:\/\/bro-sis.jp\/wp-content\/uploads\/2021\/05\/point02_p01.png 664w, https:\/\/bro-sis.jp\/wp-content\/uploads\/2021\/05\/point02_p01-300x218.png 300w\" sizes=\"(max-width: 664px) 100vw, 664px\" \/><\/figure>\n<\/div>\n\n\n\n<div class=\"wp-block-column is-layout-flow wp-block-column-is-layout-flow\" style=\"flex-basis:30%\">\n<p>Pode ser transportado no carro! Dobra-se facilmente para ser armazenado no carro, tornando o transporte muito simples!<\/p>\n\n\n\n<p>O peso do ve\u00edculo \u00e9 de aproximadamente 18 kg, o que permite que at\u00e9 mesmo as mulheres o manuseiem sem dificuldade. Pode ser dobrado em apenas 5 segundos, ent\u00e3o voc\u00ea pode lev\u00e1-lo a qualquer lugar, facilitando o deslocamento at\u00e9 o seu destino ap\u00f3s deixar o carro. \u00c9 uma bicicleta ecol\u00f3gica, pois n\u00e3o emite CO2.<br>\u25cf Tamanho desdobrado<br>Comprimento total aproximadamente 1200 mm \/ Altura do guid\u00e3o aproximadamente 650 mm \/ Altura aproximadamente 950 mm<br>\u25cf Tamanho dobrado<br>Comprimento total aproximadamente 600 mm \/ Altura do guid\u00e3o aproximadamente 350 mm \/ Altura aproximadamente 1200 mm<\/p>\n<\/div>\n<\/div>\n\n\n\n<p><br><br><\/p>\n\n\n\n<figure class=\"wp-block-embed is-type-video is-provider-youtube wp-block-embed-youtube wp-embed-aspect-4-3 wp-has-aspect-ratio\"><div class=\"wp-block-embed__wrapper\">\n<iframe loading=\"lazy\" title=\"\u30d6\u30ec\u30a4\u30ba\u30b9\u30de\u30fc\u30c8EV-\u6298\u308a\u305f\u305f\u307f\u21d4\u8d70\u884c\u72b6\u614b\" width=\"1140\" height=\"855\" src=\"https:\/\/www.youtube.com\/embed\/fwaOpLpepNI?feature=oembed\" frameborder=\"0\" allow=\"accelerometer; autoplay; clipboard-write; encrypted-media; gyroscope; picture-in-picture; web-share\" referrerpolicy=\"strict-origin-when-cross-origin\" allowfullscreen><\/iframe>\n<\/div><\/figure>\n\n\n\n<p><br><\/p>\n\n\n<div class=\"wp-block-image\">\n<figure class=\"aligncenter size-full is-resized\"><img loading=\"lazy\" decoding=\"async\" width=\"686\" height=\"234\" src=\"https:\/\/bro-sis.jp\/wp-content\/uploads\/2024\/06\/\u30b9\u30af\u30ea\u30fc\u30f3\u30b7\u30e7\u30c3\u30c8-2024-06-14-14.51.32.png\" alt=\"\" class=\"wp-image-2704\" style=\"width:850px;height:auto\" srcset=\"https:\/\/bro-sis.jp\/wp-content\/uploads\/2024\/06\/\u30b9\u30af\u30ea\u30fc\u30f3\u30b7\u30e7\u30c3\u30c8-2024-06-14-14.51.32.png 686w, https:\/\/bro-sis.jp\/wp-content\/uploads\/2024\/06\/\u30b9\u30af\u30ea\u30fc\u30f3\u30b7\u30e7\u30c3\u30c8-2024-06-14-14.51.32-300x102.png 300w\" sizes=\"(max-width: 686px) 100vw, 686px\" \/><\/figure><\/div>\n\n\n<p><br><\/p>\n\n\n\n<figure class=\"wp-block-table\"><table><tbody><tr><td>Tamanho desdobrado<br>Comprimento total aprox. 1200mm \/ Al\u00e7a aprox.<\/td><td>Tempo de carregamento<br>de aproximadamente 3,5 horas *1<\/td><\/tr><tr><td>Tamanho dobrado<br>Comprimento total aprox. 600mm \/ Al\u00e7a aprox.<\/td><td>Sa\u00edda nominal<br>0,35 kW<\/td><\/tr><tr><td>Capacidade de passageiros:<br>1 pessoa (120kg)<\/td><td>Quilometragem:<br>Aproximadamente 30 km com carga completa *2 De acordo com nossa pesquisa<\/td><\/tr><tr><td>Capacidade m\u00e1xima de carga<br>120kg<\/td><td>Tamanho do pneu<br>antes e depois: 315 mm<\/td><\/tr><tr><td>Peso do ve\u00edculo<br>aproximadamente 18kg<\/td><td>Freio<br>dianteiro e traseiro: tipo disco<\/td><\/tr><tr><td>Tipo de bateria<br>Bateria de \u00edon de l\u00edtio<\/td><td>Velocidade m\u00e1xima<br>30 km\/h *3<\/td><\/tr><\/tbody><\/table><\/figure>\n\n\n\n<ol>\n<li>*1 O tempo de carregamento varia dependendo da capacidade restante da bateria.<\/li>\n\n\n\n<li>*2 Devido \u00e0 nossa pesquisa, a dist\u00e2ncia que pode ser percorrida pode variar dependendo de diversas condi\u00e7\u00f5es, como clima, estrada e manuten\u00e7\u00e3o no momento da condu\u00e7\u00e3o.<\/li>\n\n\n\n<li>*3 Quando o ocupante pesa 55 kg. \u00c0 medida que a carga aumenta, a tens\u00e3o na bateria aumenta e a velocidade m\u00e1xima muda.<\/li>\n<\/ol>\n<div class=\"veu_socialSet veu_socialSet-position-after veu_contentAddSection\"><script>window.twttr=(function(d,s,id){var js,fjs=d.getElementsByTagName(s)[0],t=window.twttr||{};if(d.getElementById(id))return t;js=d.createElement(s);js.id=id;js.src=\"https:\/\/platform.twitter.com\/widgets.js\";fjs.parentNode.insertBefore(js,fjs);t._e=[];t.ready=function(f){t._e.push(f);};return t;}(document,\"script\",\"twitter-wjs\"));<\/script><ul><\/ul><\/div><!-- [ \/.socialSet ] -->","protected":false},"excerpt":{"rendered":"<p>BLAZE SMART EV \u00e9 uma bicicleta el\u00e9trica dobr\u00e1vel.Ao dobr\u00e1-lo, voc\u00ea pode guard\u00e1-lo facilmente no carro e tamb\u00e9m [&hellip;]<\/p>\n","protected":false},"author":1,"featured_media":0,"parent":0,"menu_order":0,"comment_status":"closed","ping_status":"closed","template":"","meta":{"footnotes":""},"aioseo_notices":[],"_links":{"self":[{"href":"https:\/\/bro-sis.jp\/index.php?rest_route=\/wp\/v2\/pages\/3423"}],"collection":[{"href":"https:\/\/bro-sis.jp\/index.php?rest_route=\/wp\/v2\/pages"}],"about":[{"href":"https:\/\/bro-sis.jp\/index.php?rest_route=\/wp\/v2\/types\/page"}],"author":[{"embeddable":true,"href":"https:\/\/bro-sis.jp\/index.php?rest_route=\/wp\/v2\/users\/1"}],"replies":[{"embeddable":true,"href":"https:\/\/bro-sis.jp\/index.php?rest_route=%2Fwp%2Fv2%2Fcomments&post=3423"}],"version-history":[{"count":2,"href":"https:\/\/bro-sis.jp\/index.php?rest_route=\/wp\/v2\/pages\/3423\/revisions"}],"predecessor-version":[{"id":3484,"href":"https:\/\/bro-sis.jp\/index.php?rest_route=\/wp\/v2\/pages\/3423\/revisions\/3484"}],"wp:attachment":[{"href":"https:\/\/bro-sis.jp\/index.php?rest_route=%2Fwp%2Fv2%2Fmedia&parent=3423"}],"curies":[{"name":"wp","href":"https:\/\/api.w.org\/{rel}","templated":true}]}}