{"id":3439,"date":"2021-05-16T23:13:29","date_gmt":"2021-05-16T14:13:29","guid":{"rendered":"https:\/\/bro-sis.jp\/?page_id=3439"},"modified":"2024-11-12T10:54:39","modified_gmt":"2024-11-12T01:54:39","slug":"next-cruiser-ev-%e3%82%b9%e3%83%9a%e3%82%a4%e3%83%b3","status":"publish","type":"page","link":"https:\/\/bro-sis.jp\/?page_id=3439&lang=es","title":{"rendered":"NEXT CRUISER EV"},"content":{"rendered":"<div class=\"wp-block-image\">\n<figure class=\"aligncenter size-large\"><img loading=\"lazy\" decoding=\"async\" width=\"1024\" height=\"539\" src=\"https:\/\/bro-sis.jp\/wp-content\/uploads\/2021\/05\/evtop-1024x539.jpg\" alt=\"\" class=\"wp-image-1037\" srcset=\"https:\/\/bro-sis.jp\/wp-content\/uploads\/2021\/05\/evtop-1024x539.jpg 1024w, https:\/\/bro-sis.jp\/wp-content\/uploads\/2021\/05\/evtop-300x158.jpg 300w, https:\/\/bro-sis.jp\/wp-content\/uploads\/2021\/05\/evtop-768x404.jpg 768w, https:\/\/bro-sis.jp\/wp-content\/uploads\/2021\/05\/evtop-1536x808.jpg 1536w, https:\/\/bro-sis.jp\/wp-content\/uploads\/2021\/05\/evtop.jpg 1900w\" sizes=\"(max-width: 1024px) 100vw, 1024px\" \/><\/figure><\/div>\n\n\n<p><\/p>\n\n\n\n<p><br><\/p>\n\n\n\n<div class=\"wp-block-vk-blocks-outer vkb-outer-6a135d54-517c-4b08-967b-2a556df46e8e vk_outer vk_outer-width-full alignfull vk_outer-paddingLR-zero vk_outer-paddingVertical-none vk_outer-bgPosition-normal\"><span class=\"vk_outer-background-area has-background has-background-dim\" style=\"background-color:#f3f4f5;opacity:0.5\"><\/span><div><div class=\"vk_outer_container\">\n<div class=\"wp-block-columns is-layout-flex wp-container-core-columns-is-layout-1 wp-block-columns-is-layout-flex\">\n<div class=\"wp-block-column is-layout-flow wp-block-column-is-layout-flow\" style=\"flex-basis:40%\"><div class=\"wp-block-image\">\n<figure class=\"alignleft size-large\"><img loading=\"lazy\" decoding=\"async\" width=\"585\" height=\"898\" src=\"https:\/\/bro-sis.jp\/wp-content\/uploads\/2021\/05\/evtop2.jpg\" alt=\"\" class=\"wp-image-1041\" srcset=\"https:\/\/bro-sis.jp\/wp-content\/uploads\/2021\/05\/evtop2.jpg 585w, https:\/\/bro-sis.jp\/wp-content\/uploads\/2021\/05\/evtop2-195x300.jpg 195w\" sizes=\"(max-width: 585px) 100vw, 585px\" \/><\/figure><\/div><\/div>\n\n\n\n<div class=\"wp-block-column is-layout-flow wp-block-column-is-layout-flow\" style=\"flex-basis:50%\">\n<h4 class=\"wp-block-heading\"><strong>POINT<\/strong><\/h4>\n\n\n\n<h4 class=\"wp-block-heading has-normal-font-size\">punto<\/h4>\n\n\n\n<p class=\"has-medium-font-size\"><span class=\"has-inline-color has-vivid-cyan-blue-color\"><strong><strong>01 Respetuoso con el medio ambiente<\/strong><\/strong><\/span><\/p>\n\n\n\n<p>Es un coche ecol\u00f3gico y limpio que respeta el medio ambiente ya que no emite gases de escape. \u00a1La bater\u00eda es extra\u00edble y se puede cargar desde un tomacorriente dom\u00e9stico! \u00a1Se tarda unas 8 horas y la factura de electricidad por vez es de unos 110 yenes! *1<\/p>\n\n\n\n<p class=\"has-medium-font-size\"><span class=\"has-inline-color has-vivid-cyan-blue-color\"><strong><strong>02 Varias formas de usarlo<\/strong><\/strong><\/span><\/p>\n\n\n\n<p>Ideal para uso diario, compras y desplazamientos a cualquier lugar. La distancia recorrida por viaje es de aproximadamente 50km*2, ampliando enormemente el alcance de tus salidas.<\/p>\n\n\n\n<p class=\"has-medium-font-size\"><strong><span class=\"has-inline-color has-vivid-cyan-blue-color\"><strong>03 Puede circular por la v\u00eda p\u00fablica<\/strong><\/span><\/strong><\/p>\n\n\n\n<p>El Next Cruiser est\u00e1 matriculado como minicoche con ciclomotor. \u00a1Obt\u00e9n una matr\u00edcula y podr\u00e1s conducir por la v\u00eda p\u00fablica! ! Puede dejar los tr\u00e1mites de matr\u00edculas al concesionario, de modo que incluso aquellos que no est\u00e1n familiarizados con las motocicletas puedan utilizar nuestro servicio con confianza.<\/p>\n\n\n\n<p class=\"has-medium-font-size\"><strong><span class=\"has-inline-color has-vivid-cyan-blue-color\"><strong>04 casco<\/strong><\/span><\/strong><\/p>\n\n\n\n<p>Next Cruiser est\u00e1 dise\u00f1ado para brindar seguridad de acuerdo con los est\u00e1ndares de seguridad japoneses. No necesitas casco y puedes usarlo c\u00f3modamente. *3<\/p>\n\n\n\n<p class=\"has-medium-font-size\"><strong><span class=\"has-inline-color has-vivid-cyan-blue-color\"><strong>05 No se requiere inspecci\u00f3n del veh\u00edculo ni certificado de taller<\/strong><\/span><\/strong><\/p>\n\n\n\n<p>Puede reducir los costos recurrentes. Procedimiento f\u00e1cil y sin complicaciones.<\/p>\n\n\n\n<p class=\"has-small-font-size\">*1) Puede diferir ligeramente seg\u00fan la situaci\u00f3n de carga.\u3000<\/p>\n\n\n\n<p class=\"has-small-font-size\">*2) Puede diferir ligeramente seg\u00fan las condiciones de conducci\u00f3n.\u3000<\/p>\n\n\n\n<p class=\"has-small-font-size\">*3) Recomendamos usarlo por seguridad.<\/p>\n<\/div>\n\n\n\n<div class=\"wp-block-column is-layout-flow wp-block-column-is-layout-flow\" style=\"flex-basis:10%\"><\/div>\n<\/div>\n<\/div><\/div><\/div><style type=\"text\/css\">\n\t.vk_outer.vkb-outer-6a135d54-517c-4b08-967b-2a556df46e8e > div > .vk_outer_container{\n\t\tpadding-left:0px!important;\n\t\tpadding-right:0px!important;\n\t}\n\t@media (min-width: 576px) {\n\t\t.vk_outer.vkb-outer-6a135d54-517c-4b08-967b-2a556df46e8e > div > .vk_outer_container{\n\t\t\tpadding-left:0px!important;\n\t\t\tpadding-right:0px!important;\n\t\t}\n\t}\n\t@media (min-width: 992px) {\n\t\t.vk_outer.vkb-outer-6a135d54-517c-4b08-967b-2a556df46e8e > div > .vk_outer_container{\n\t\t\tpadding-left:0px!important;\n\t\t\tpadding-right:0px!important;\n\t\t}\n\t}\n\t<\/style>\n\n\n\n<p><br><\/p>\n\n\n\n<h2 class=\"wp-block-heading has-text-align-right is-style-vk-heading-background_fill_lightgray has-white-color has-black-background-color has-text-color has-background has-medium-font-size\">5 colores para elegir<\/h2>\n\n\n\n<p><br><\/p>\n\n\n\n<figure class=\"wp-block-gallery has-nested-images columns-default is-cropped wp-block-gallery-1 is-layout-flex wp-block-gallery-is-layout-flex\">\n<figure class=\"wp-block-image size-large\"><img loading=\"lazy\" decoding=\"async\" width=\"834\" height=\"658\" data-id=\"1051\" src=\"https:\/\/bro-sis.jp\/wp-content\/uploads\/2021\/05\/ev_be.png\" alt=\"\" class=\"wp-image-1051\" srcset=\"https:\/\/bro-sis.jp\/wp-content\/uploads\/2021\/05\/ev_be.png 834w, https:\/\/bro-sis.jp\/wp-content\/uploads\/2021\/05\/ev_be-300x237.png 300w, https:\/\/bro-sis.jp\/wp-content\/uploads\/2021\/05\/ev_be-768x606.png 768w\" sizes=\"(max-width: 834px) 100vw, 834px\" \/><\/figure>\n\n\n\n<figure class=\"wp-block-image size-large\"><img loading=\"lazy\" decoding=\"async\" width=\"834\" height=\"658\" data-id=\"1052\" src=\"https:\/\/bro-sis.jp\/wp-content\/uploads\/2021\/05\/ev_bk.png\" alt=\"\" class=\"wp-image-1052\" srcset=\"https:\/\/bro-sis.jp\/wp-content\/uploads\/2021\/05\/ev_bk.png 834w, https:\/\/bro-sis.jp\/wp-content\/uploads\/2021\/05\/ev_bk-300x237.png 300w, https:\/\/bro-sis.jp\/wp-content\/uploads\/2021\/05\/ev_bk-768x606.png 768w\" sizes=\"(max-width: 834px) 100vw, 834px\" \/><\/figure>\n\n\n\n<figure class=\"wp-block-image size-large\"><img loading=\"lazy\" decoding=\"async\" width=\"834\" height=\"658\" data-id=\"1053\" src=\"https:\/\/bro-sis.jp\/wp-content\/uploads\/2021\/05\/ev_bl.png\" alt=\"\" class=\"wp-image-1053\" srcset=\"https:\/\/bro-sis.jp\/wp-content\/uploads\/2021\/05\/ev_bl.png 834w, https:\/\/bro-sis.jp\/wp-content\/uploads\/2021\/05\/ev_bl-300x237.png 300w, https:\/\/bro-sis.jp\/wp-content\/uploads\/2021\/05\/ev_bl-768x606.png 768w\" sizes=\"(max-width: 834px) 100vw, 834px\" \/><\/figure>\n\n\n\n<figure class=\"wp-block-image size-large\"><img loading=\"lazy\" decoding=\"async\" width=\"833\" height=\"658\" data-id=\"1054\" src=\"https:\/\/bro-sis.jp\/wp-content\/uploads\/2021\/05\/ev_gn.png\" alt=\"\" class=\"wp-image-1054\" srcset=\"https:\/\/bro-sis.jp\/wp-content\/uploads\/2021\/05\/ev_gn.png 833w, https:\/\/bro-sis.jp\/wp-content\/uploads\/2021\/05\/ev_gn-300x237.png 300w, https:\/\/bro-sis.jp\/wp-content\/uploads\/2021\/05\/ev_gn-768x607.png 768w\" sizes=\"(max-width: 833px) 100vw, 833px\" \/><\/figure>\n\n\n\n<figure class=\"wp-block-image size-large\"><img loading=\"lazy\" decoding=\"async\" width=\"834\" height=\"658\" data-id=\"1055\" src=\"https:\/\/bro-sis.jp\/wp-content\/uploads\/2021\/05\/ev_rd.png\" alt=\"\" class=\"wp-image-1055\" srcset=\"https:\/\/bro-sis.jp\/wp-content\/uploads\/2021\/05\/ev_rd.png 834w, https:\/\/bro-sis.jp\/wp-content\/uploads\/2021\/05\/ev_rd-300x237.png 300w, https:\/\/bro-sis.jp\/wp-content\/uploads\/2021\/05\/ev_rd-768x606.png 768w\" sizes=\"(max-width: 834px) 100vw, 834px\" \/><\/figure>\n<\/figure>\n\n\n\n<figure class=\"wp-block-image size-large is-resized\"><img loading=\"lazy\" decoding=\"async\" width=\"429\" height=\"189\" src=\"https:\/\/bro-sis.jp\/wp-content\/uploads\/2021\/05\/SnapCrab_NoName_2021-5-16_23-31-0_No-00.png\" alt=\"\" class=\"wp-image-1056\" style=\"width:322px;height:142px\" srcset=\"https:\/\/bro-sis.jp\/wp-content\/uploads\/2021\/05\/SnapCrab_NoName_2021-5-16_23-31-0_No-00.png 429w, https:\/\/bro-sis.jp\/wp-content\/uploads\/2021\/05\/SnapCrab_NoName_2021-5-16_23-31-0_No-00-300x132.png 300w\" sizes=\"(max-width: 429px) 100vw, 429px\" \/><\/figure>\n\n\n\n<figure class=\"wp-block-image size-large is-resized\"><img loading=\"lazy\" decoding=\"async\" width=\"1024\" height=\"559\" src=\"https:\/\/bro-sis.jp\/wp-content\/uploads\/2024\/06\/\u30b9\u30af\u30ea\u30fc\u30f3\u30b7\u30e7\u30c3\u30c8-2024-06-14-15.00.29-2-1024x559.png\" alt=\"\" class=\"wp-image-2711\" style=\"width:1319px;height:auto\" srcset=\"https:\/\/bro-sis.jp\/wp-content\/uploads\/2024\/06\/\u30b9\u30af\u30ea\u30fc\u30f3\u30b7\u30e7\u30c3\u30c8-2024-06-14-15.00.29-2-1024x559.png 1024w, https:\/\/bro-sis.jp\/wp-content\/uploads\/2024\/06\/\u30b9\u30af\u30ea\u30fc\u30f3\u30b7\u30e7\u30c3\u30c8-2024-06-14-15.00.29-2-300x164.png 300w, https:\/\/bro-sis.jp\/wp-content\/uploads\/2024\/06\/\u30b9\u30af\u30ea\u30fc\u30f3\u30b7\u30e7\u30c3\u30c8-2024-06-14-15.00.29-2-768x420.png 768w, https:\/\/bro-sis.jp\/wp-content\/uploads\/2024\/06\/\u30b9\u30af\u30ea\u30fc\u30f3\u30b7\u30e7\u30c3\u30c8-2024-06-14-15.00.29-2-1536x839.png 1536w, https:\/\/bro-sis.jp\/wp-content\/uploads\/2024\/06\/\u30b9\u30af\u30ea\u30fc\u30f3\u30b7\u30e7\u30c3\u30c8-2024-06-14-15.00.29-2.png 1759w\" sizes=\"(max-width: 1024px) 100vw, 1024px\" \/><\/figure>\n\n\n\n<p><br><\/p>\n\n\n\n<p class=\"has-large-font-size\"><br><strong><strong>Pr\u00f3ximo crucero EV<\/strong><\/strong><\/p>\n\n\n\n<figure class=\"wp-block-table\"><table><tbody><tr><th>Longitud total (mm)<\/th><td>Aproximadamente 2.100<\/td><\/tr><tr><th>Ancho total (mm)<\/th><td>Aproximadamente 1,100<\/td><\/tr><tr><th>Altura total (mm)<\/th><td>Aproximadamente 1,000<\/td><\/tr><tr><th>Capacidad de montar<\/th><td>1 persona (120 kg)<\/td><\/tr><tr><th>Tipo de bater\u00eda<\/th><td>bater\u00eda de iones de litio<\/td><\/tr><tr><th>Tiempo de carga<\/th><td>Aproximadamente 8 horas *1<\/td><\/tr><tr><th>Salida nominal<\/th><td>0.59kw<\/td><\/tr><tr><th>Kilometraje<\/th><td>Aproximadamente 50 km con carga completa (valor de prueba de funcionamiento estacionario de 40 km\/h) *2<\/td><\/tr><tr><th>tama\u00f1o del neum\u00e1tico<\/th><td>Delantero y trasero: 18-7-8<\/td><\/tr><tr><th>freno<\/th><td>Delantero y trasero: tipo disco<\/td><\/tr><tr><th>velocidad m\u00e1xima<\/th><td>Aproximadamente 50 km\/h*3<\/td><\/tr><tr><th>peso<\/th><td>Aproximadamente 200 kg<\/td><\/tr><tr><th>variaciones de color<\/th><td>Color est\u00e1ndar: Verde oscuro<br>Opciones: Rojo\/Negro\/Azul\/Beige<\/td><\/tr><\/tbody><\/table><\/figure>\n\n\n\n<p>*1) El tiempo de carga var\u00eda seg\u00fan la capacidad restante de la bater\u00eda.<br>*2) El valor se basa en una prueba de funcionamiento estacionario a 40 km\/h. Este es el valor bajo condiciones de prueba especificadas. La distancia que podr\u00e1s recorrer variar\u00e1 dependiendo de diversas condiciones como el clima, la carretera y el mantenimiento al momento de conducir.<br>*3) Cuando el ocupante pesa 55 kg. A medida que aumenta la carga, aumenta la carga de la bater\u00eda, por lo que la velocidad m\u00e1xima cambiar\u00e1.<\/p>\n\n\n\n<p><\/p>\n<div class=\"veu_socialSet veu_socialSet-position-after veu_contentAddSection\"><script>window.twttr=(function(d,s,id){var js,fjs=d.getElementsByTagName(s)[0],t=window.twttr||{};if(d.getElementById(id))return t;js=d.createElement(s);js.id=id;js.src=\"https:\/\/platform.twitter.com\/widgets.js\";fjs.parentNode.insertBefore(js,fjs);t._e=[];t.ready=function(f){t._e.push(f);};return t;}(document,\"script\",\"twitter-wjs\"));<\/script><ul><\/ul><\/div><!-- [ \/.socialSet ] -->","protected":false},"excerpt":{"rendered":"<p>5 colores para elegir Pr\u00f3ximo crucero EV Longitud total (mm) Aproximadamente 2.100 Ancho total (mm) Aproximada [&hellip;]<\/p>\n","protected":false},"author":1,"featured_media":0,"parent":0,"menu_order":0,"comment_status":"closed","ping_status":"closed","template":"","meta":{"footnotes":""},"aioseo_notices":[],"_links":{"self":[{"href":"https:\/\/bro-sis.jp\/index.php?rest_route=\/wp\/v2\/pages\/3439"}],"collection":[{"href":"https:\/\/bro-sis.jp\/index.php?rest_route=\/wp\/v2\/pages"}],"about":[{"href":"https:\/\/bro-sis.jp\/index.php?rest_route=\/wp\/v2\/types\/page"}],"author":[{"embeddable":true,"href":"https:\/\/bro-sis.jp\/index.php?rest_route=\/wp\/v2\/users\/1"}],"replies":[{"embeddable":true,"href":"https:\/\/bro-sis.jp\/index.php?rest_route=%2Fwp%2Fv2%2Fcomments&post=3439"}],"version-history":[{"count":2,"href":"https:\/\/bro-sis.jp\/index.php?rest_route=\/wp\/v2\/pages\/3439\/revisions"}],"predecessor-version":[{"id":3477,"href":"https:\/\/bro-sis.jp\/index.php?rest_route=\/wp\/v2\/pages\/3439\/revisions\/3477"}],"wp:attachment":[{"href":"https:\/\/bro-sis.jp\/index.php?rest_route=%2Fwp%2Fv2%2Fmedia&parent=3439"}],"curies":[{"name":"wp","href":"https:\/\/api.w.org\/{rel}","templated":true}]}}