{"id":3441,"date":"2021-05-16T23:13:29","date_gmt":"2021-05-16T14:13:29","guid":{"rendered":"https:\/\/bro-sis.jp\/?page_id=3441"},"modified":"2024-11-12T11:00:59","modified_gmt":"2024-11-12T02:00:59","slug":"next-cruiser-ev-%e3%83%9d%e3%83%ab%e3%83%88%e3%82%ac%e3%83%ab","status":"publish","type":"page","link":"https:\/\/bro-sis.jp\/?page_id=3441&lang=pt","title":{"rendered":"NEXT CRUISER EV"},"content":{"rendered":"<div class=\"wp-block-image\">\n<figure class=\"aligncenter size-large\"><img loading=\"lazy\" decoding=\"async\" width=\"1024\" height=\"539\" src=\"https:\/\/bro-sis.jp\/wp-content\/uploads\/2021\/05\/evtop-1024x539.jpg\" alt=\"\" class=\"wp-image-1037\" srcset=\"https:\/\/bro-sis.jp\/wp-content\/uploads\/2021\/05\/evtop-1024x539.jpg 1024w, https:\/\/bro-sis.jp\/wp-content\/uploads\/2021\/05\/evtop-300x158.jpg 300w, https:\/\/bro-sis.jp\/wp-content\/uploads\/2021\/05\/evtop-768x404.jpg 768w, https:\/\/bro-sis.jp\/wp-content\/uploads\/2021\/05\/evtop-1536x808.jpg 1536w, https:\/\/bro-sis.jp\/wp-content\/uploads\/2021\/05\/evtop.jpg 1900w\" sizes=\"(max-width: 1024px) 100vw, 1024px\" \/><\/figure><\/div>\n\n\n<p><\/p>\n\n\n\n<p><br><\/p>\n\n\n\n<div class=\"wp-block-vk-blocks-outer vkb-outer-507c3e11-1443-459a-8f73-c6df2e0bebbe vk_outer vk_outer-width-full alignfull vk_outer-paddingLR-zero vk_outer-paddingVertical-none vk_outer-bgPosition-normal\"><span class=\"vk_outer-background-area has-background has-background-dim\" style=\"background-color:#f3f4f5;opacity:0.5\"><\/span><div><div class=\"vk_outer_container\">\n<div class=\"wp-block-columns is-layout-flex wp-container-core-columns-is-layout-1 wp-block-columns-is-layout-flex\">\n<div class=\"wp-block-column is-layout-flow wp-block-column-is-layout-flow\" style=\"flex-basis:40%\"><div class=\"wp-block-image\">\n<figure class=\"alignleft size-large\"><img loading=\"lazy\" decoding=\"async\" width=\"585\" height=\"898\" src=\"https:\/\/bro-sis.jp\/wp-content\/uploads\/2021\/05\/evtop2.jpg\" alt=\"\" class=\"wp-image-1041\" srcset=\"https:\/\/bro-sis.jp\/wp-content\/uploads\/2021\/05\/evtop2.jpg 585w, https:\/\/bro-sis.jp\/wp-content\/uploads\/2021\/05\/evtop2-195x300.jpg 195w\" sizes=\"(max-width: 585px) 100vw, 585px\" \/><\/figure><\/div><\/div>\n\n\n\n<div class=\"wp-block-column is-layout-flow wp-block-column-is-layout-flow\" style=\"flex-basis:50%\">\n<h4 class=\"wp-block-heading\"><strong>POINT<\/strong><\/h4>\n\n\n\n<h4 class=\"wp-block-heading has-normal-font-size\">apontar<\/h4>\n\n\n\n<p class=\"has-medium-font-size\"><span class=\"has-inline-color has-vivid-cyan-blue-color\"><strong><strong>01 Ecologicamente correto<\/strong><\/strong><\/span><\/p>\n\n\n\n<p>\u00c9 um carro ecol\u00f3gico, limpo e amigo do ambiente, pois n\u00e3o emite gases de escape. A bateria \u00e9 remov\u00edvel e pode ser carregada em uma tomada dom\u00e9stica! Demora cerca de 8 horas e a conta de luz por vez \u00e9 de cerca de 110 ienes! *1<\/p>\n\n\n\n<p class=\"has-medium-font-size\"><span class=\"has-inline-color has-vivid-cyan-blue-color\"><strong><strong>02 V\u00e1rias maneiras de us\u00e1-lo<\/strong><\/strong><\/span><\/p>\n\n\n\n<p>\u00d3timo para uso di\u00e1rio, compras e deslocamento em qualquer lugar. A dist\u00e2ncia percorrida por viagem \u00e9 de aproximadamente 50km*2, ampliando bastante o alcance dos seus passeios.<\/p>\n\n\n\n<p class=\"has-medium-font-size\"><strong><span class=\"has-inline-color has-vivid-cyan-blue-color\"><strong>03 Pode ser conduzido em vias p\u00fablicas<\/strong><\/span><\/strong><\/p>\n\n\n\n<p>O Next Cruiser est\u00e1 registrado como um minicarro ciclomotor. Voc\u00ea pode obter uma placa e dirigir em vias p\u00fablicas! ! Voc\u00ea pode deixar o procedimento de matr\u00edcula para a concession\u00e1ria, para que mesmo quem n\u00e3o conhece motocicletas possa utilizar nosso servi\u00e7o com seguran\u00e7a.<\/p>\n\n\n\n<p class=\"has-medium-font-size\"><strong><span class=\"has-inline-color has-vivid-cyan-blue-color\"><strong>04 Capacete<\/strong><\/span><\/strong><\/p>\n\n\n\n<p>O Next Cruiser foi projetado para seguran\u00e7a de acordo com os padr\u00f5es de seguran\u00e7a japoneses. Voc\u00ea n\u00e3o precisa de capacete e pode us\u00e1-lo confortavelmente. *3<\/p>\n\n\n\n<p class=\"has-medium-font-size\"><strong><span class=\"has-inline-color has-vivid-cyan-blue-color\"><strong>05 N\u00e3o \u00e9 necess\u00e1ria inspe\u00e7\u00e3o veicular ou certificado de garagem<\/strong><\/span><\/strong><\/p>\n\n\n\n<p>Voc\u00ea pode reduzir custos recorrentes. Procedimento f\u00e1cil e sem complica\u00e7\u00f5es.<\/p>\n\n\n\n<p class=\"has-small-font-size\">*1) Pode diferir ligeiramente dependendo da situa\u00e7\u00e3o de carregamento.\u3000<\/p>\n\n\n\n<p class=\"has-small-font-size\">*2) Pode diferir ligeiramente dependendo das condi\u00e7\u00f5es de condu\u00e7\u00e3o.\u3000<\/p>\n\n\n\n<p class=\"has-small-font-size\">*3) Recomendamos us\u00e1-lo por seguran\u00e7a.<\/p>\n<\/div>\n\n\n\n<div class=\"wp-block-column is-layout-flow wp-block-column-is-layout-flow\" style=\"flex-basis:10%\"><\/div>\n<\/div>\n<\/div><\/div><\/div><style type=\"text\/css\">\n\t.vk_outer.vkb-outer-507c3e11-1443-459a-8f73-c6df2e0bebbe > div > .vk_outer_container{\n\t\tpadding-left:0px!important;\n\t\tpadding-right:0px!important;\n\t}\n\t@media (min-width: 576px) {\n\t\t.vk_outer.vkb-outer-507c3e11-1443-459a-8f73-c6df2e0bebbe > div > .vk_outer_container{\n\t\t\tpadding-left:0px!important;\n\t\t\tpadding-right:0px!important;\n\t\t}\n\t}\n\t@media (min-width: 992px) {\n\t\t.vk_outer.vkb-outer-507c3e11-1443-459a-8f73-c6df2e0bebbe > div > .vk_outer_container{\n\t\t\tpadding-left:0px!important;\n\t\t\tpadding-right:0px!important;\n\t\t}\n\t}\n\t<\/style>\n\n\n\n<p><br><\/p>\n\n\n\n<h2 class=\"wp-block-heading has-text-align-right is-style-vk-heading-background_fill_lightgray has-white-color has-black-background-color has-text-color has-background has-medium-font-size\">5 cores para escolher<\/h2>\n\n\n\n<p><br><\/p>\n\n\n\n<figure class=\"wp-block-gallery has-nested-images columns-default is-cropped wp-block-gallery-1 is-layout-flex wp-block-gallery-is-layout-flex\">\n<figure class=\"wp-block-image size-large\"><img loading=\"lazy\" decoding=\"async\" width=\"834\" height=\"658\" data-id=\"1051\" src=\"https:\/\/bro-sis.jp\/wp-content\/uploads\/2021\/05\/ev_be.png\" alt=\"\" class=\"wp-image-1051\" srcset=\"https:\/\/bro-sis.jp\/wp-content\/uploads\/2021\/05\/ev_be.png 834w, https:\/\/bro-sis.jp\/wp-content\/uploads\/2021\/05\/ev_be-300x237.png 300w, https:\/\/bro-sis.jp\/wp-content\/uploads\/2021\/05\/ev_be-768x606.png 768w\" sizes=\"(max-width: 834px) 100vw, 834px\" \/><\/figure>\n\n\n\n<figure class=\"wp-block-image size-large\"><img loading=\"lazy\" decoding=\"async\" width=\"834\" height=\"658\" data-id=\"1052\" src=\"https:\/\/bro-sis.jp\/wp-content\/uploads\/2021\/05\/ev_bk.png\" alt=\"\" class=\"wp-image-1052\" srcset=\"https:\/\/bro-sis.jp\/wp-content\/uploads\/2021\/05\/ev_bk.png 834w, https:\/\/bro-sis.jp\/wp-content\/uploads\/2021\/05\/ev_bk-300x237.png 300w, https:\/\/bro-sis.jp\/wp-content\/uploads\/2021\/05\/ev_bk-768x606.png 768w\" sizes=\"(max-width: 834px) 100vw, 834px\" \/><\/figure>\n\n\n\n<figure class=\"wp-block-image size-large\"><img loading=\"lazy\" decoding=\"async\" width=\"834\" height=\"658\" data-id=\"1053\" src=\"https:\/\/bro-sis.jp\/wp-content\/uploads\/2021\/05\/ev_bl.png\" alt=\"\" class=\"wp-image-1053\" srcset=\"https:\/\/bro-sis.jp\/wp-content\/uploads\/2021\/05\/ev_bl.png 834w, https:\/\/bro-sis.jp\/wp-content\/uploads\/2021\/05\/ev_bl-300x237.png 300w, https:\/\/bro-sis.jp\/wp-content\/uploads\/2021\/05\/ev_bl-768x606.png 768w\" sizes=\"(max-width: 834px) 100vw, 834px\" \/><\/figure>\n\n\n\n<figure class=\"wp-block-image size-large\"><img loading=\"lazy\" decoding=\"async\" width=\"833\" height=\"658\" data-id=\"1054\" src=\"https:\/\/bro-sis.jp\/wp-content\/uploads\/2021\/05\/ev_gn.png\" alt=\"\" class=\"wp-image-1054\" srcset=\"https:\/\/bro-sis.jp\/wp-content\/uploads\/2021\/05\/ev_gn.png 833w, https:\/\/bro-sis.jp\/wp-content\/uploads\/2021\/05\/ev_gn-300x237.png 300w, https:\/\/bro-sis.jp\/wp-content\/uploads\/2021\/05\/ev_gn-768x607.png 768w\" sizes=\"(max-width: 833px) 100vw, 833px\" \/><\/figure>\n\n\n\n<figure class=\"wp-block-image size-large\"><img loading=\"lazy\" decoding=\"async\" width=\"834\" height=\"658\" data-id=\"1055\" src=\"https:\/\/bro-sis.jp\/wp-content\/uploads\/2021\/05\/ev_rd.png\" alt=\"\" class=\"wp-image-1055\" srcset=\"https:\/\/bro-sis.jp\/wp-content\/uploads\/2021\/05\/ev_rd.png 834w, https:\/\/bro-sis.jp\/wp-content\/uploads\/2021\/05\/ev_rd-300x237.png 300w, https:\/\/bro-sis.jp\/wp-content\/uploads\/2021\/05\/ev_rd-768x606.png 768w\" sizes=\"(max-width: 834px) 100vw, 834px\" \/><\/figure>\n<\/figure>\n\n\n\n<figure class=\"wp-block-image size-large is-resized\"><img loading=\"lazy\" decoding=\"async\" width=\"429\" height=\"189\" src=\"https:\/\/bro-sis.jp\/wp-content\/uploads\/2021\/05\/SnapCrab_NoName_2021-5-16_23-31-0_No-00.png\" alt=\"\" class=\"wp-image-1056\" style=\"width:322px;height:142px\" srcset=\"https:\/\/bro-sis.jp\/wp-content\/uploads\/2021\/05\/SnapCrab_NoName_2021-5-16_23-31-0_No-00.png 429w, https:\/\/bro-sis.jp\/wp-content\/uploads\/2021\/05\/SnapCrab_NoName_2021-5-16_23-31-0_No-00-300x132.png 300w\" sizes=\"(max-width: 429px) 100vw, 429px\" \/><\/figure>\n\n\n\n<figure class=\"wp-block-image size-large is-resized\"><img loading=\"lazy\" decoding=\"async\" width=\"1024\" height=\"559\" src=\"https:\/\/bro-sis.jp\/wp-content\/uploads\/2024\/06\/\u30b9\u30af\u30ea\u30fc\u30f3\u30b7\u30e7\u30c3\u30c8-2024-06-14-15.00.29-2-1024x559.png\" alt=\"\" class=\"wp-image-2711\" style=\"width:1319px;height:auto\" srcset=\"https:\/\/bro-sis.jp\/wp-content\/uploads\/2024\/06\/\u30b9\u30af\u30ea\u30fc\u30f3\u30b7\u30e7\u30c3\u30c8-2024-06-14-15.00.29-2-1024x559.png 1024w, https:\/\/bro-sis.jp\/wp-content\/uploads\/2024\/06\/\u30b9\u30af\u30ea\u30fc\u30f3\u30b7\u30e7\u30c3\u30c8-2024-06-14-15.00.29-2-300x164.png 300w, https:\/\/bro-sis.jp\/wp-content\/uploads\/2024\/06\/\u30b9\u30af\u30ea\u30fc\u30f3\u30b7\u30e7\u30c3\u30c8-2024-06-14-15.00.29-2-768x420.png 768w, https:\/\/bro-sis.jp\/wp-content\/uploads\/2024\/06\/\u30b9\u30af\u30ea\u30fc\u30f3\u30b7\u30e7\u30c3\u30c8-2024-06-14-15.00.29-2-1536x839.png 1536w, https:\/\/bro-sis.jp\/wp-content\/uploads\/2024\/06\/\u30b9\u30af\u30ea\u30fc\u30f3\u30b7\u30e7\u30c3\u30c8-2024-06-14-15.00.29-2.png 1759w\" sizes=\"(max-width: 1024px) 100vw, 1024px\" \/><\/figure>\n\n\n\n<p><br><\/p>\n\n\n\n<p class=\"has-large-font-size\"><br><strong><strong>Pr\u00f3ximo Cruzador EV<\/strong><\/strong><\/p>\n\n\n\n<figure class=\"wp-block-table\"><table><tbody><tr><th>Comprimento total (mm)<\/th><td>Aproximadamente 2,100<\/td><\/tr><tr><th>Largura total (mm)<\/th><td>Aproximadamente 1,100<\/td><\/tr><tr><th>Altura total (mm)<\/th><td>Aproximadamente 1,000<\/td><\/tr><tr><th>Capacidade de pilotagem<\/th><td>1 pessoa (120kg)<\/td><\/tr><tr><th>Tipo de Bateria<\/th><td>bateria de \u00edon de l\u00edtio<\/td><\/tr><tr><th>Tempo de carregamento<\/th><td>Aproximadamente 8 horas *1<\/td><\/tr><tr><th>Sa\u00edda nominal<\/th><td>0.59kw<\/td><\/tr><tr><th>Quilometragem<\/th><td>Aproximadamente 50 km quando totalmente carregado (valor de teste de corrida estacion\u00e1ria de 40 km\/h) *2<\/td><\/tr><tr><th>tamanho do pneu<\/th><td>Frente e traseira: 18-7-8<\/td><\/tr><tr><th>freio<\/th><td>Dianteiro e traseiro: tipo de disco<\/td><\/tr><tr><th>velocidade m\u00e1xima<\/th><td>Aproximadamente 50 km\/h*3<\/td><\/tr><tr><th>peso<\/th><td>Aproximadamente 200kg<\/td><\/tr><tr><th>Varia\u00e7\u00f5es de cores<\/th><td>Cor Padr\u00e3o: Verde Escuro<br>Op\u00e7\u00f5es: Vermelho\/Preto\/Azul\/Bege<\/td><\/tr><\/tbody><\/table><\/figure>\n\n\n\n<p>*1) O tempo de carregamento varia dependendo da capacidade restante da bateria.<br>*2) O valor \u00e9 baseado em um teste de corrida estacion\u00e1ria de 40 km\/h. Este \u00e9 o valor sob condi\u00e7\u00f5es de teste especificadas. A dist\u00e2ncia que voc\u00ea pode percorrer variar\u00e1 dependendo de v\u00e1rias condi\u00e7\u00f5es, como clima, estrada e manuten\u00e7\u00e3o no momento da condu\u00e7\u00e3o.<br>*3) Quando o ocupante pesa 55 kg. \u00c0 medida que a carga aumenta, a carga da bateria aumenta, portanto a velocidade m\u00e1xima muda.<\/p>\n\n\n\n<p><\/p>\n<div class=\"veu_socialSet veu_socialSet-position-after veu_contentAddSection\"><script>window.twttr=(function(d,s,id){var js,fjs=d.getElementsByTagName(s)[0],t=window.twttr||{};if(d.getElementById(id))return t;js=d.createElement(s);js.id=id;js.src=\"https:\/\/platform.twitter.com\/widgets.js\";fjs.parentNode.insertBefore(js,fjs);t._e=[];t.ready=function(f){t._e.push(f);};return t;}(document,\"script\",\"twitter-wjs\"));<\/script><ul><\/ul><\/div><!-- [ \/.socialSet ] -->","protected":false},"excerpt":{"rendered":"<p>5 cores para escolher Pr\u00f3ximo Cruzador EV Comprimento total (mm) Aproximadamente 2,100 Largura total (mm) Apro [&hellip;]<\/p>\n","protected":false},"author":1,"featured_media":0,"parent":0,"menu_order":0,"comment_status":"closed","ping_status":"closed","template":"","meta":{"footnotes":""},"aioseo_notices":[],"_links":{"self":[{"href":"https:\/\/bro-sis.jp\/index.php?rest_route=\/wp\/v2\/pages\/3441"}],"collection":[{"href":"https:\/\/bro-sis.jp\/index.php?rest_route=\/wp\/v2\/pages"}],"about":[{"href":"https:\/\/bro-sis.jp\/index.php?rest_route=\/wp\/v2\/types\/page"}],"author":[{"embeddable":true,"href":"https:\/\/bro-sis.jp\/index.php?rest_route=\/wp\/v2\/users\/1"}],"replies":[{"embeddable":true,"href":"https:\/\/bro-sis.jp\/index.php?rest_route=%2Fwp%2Fv2%2Fcomments&post=3441"}],"version-history":[{"count":2,"href":"https:\/\/bro-sis.jp\/index.php?rest_route=\/wp\/v2\/pages\/3441\/revisions"}],"predecessor-version":[{"id":3485,"href":"https:\/\/bro-sis.jp\/index.php?rest_route=\/wp\/v2\/pages\/3441\/revisions\/3485"}],"wp:attachment":[{"href":"https:\/\/bro-sis.jp\/index.php?rest_route=%2Fwp%2Fv2%2Fmedia&parent=3441"}],"curies":[{"name":"wp","href":"https:\/\/api.w.org\/{rel}","templated":true}]}}